{"id":2099,"date":"2020-11-02T19:27:28","date_gmt":"2020-11-02T21:27:28","guid":{"rendered":"https:\/\/ieesp.org.br\/site\/?page_id=2099"},"modified":"2021-06-09T12:54:48","modified_gmt":"2021-06-09T15:54:48","slug":"associado","status":"publish","type":"page","link":"https:\/\/ieesp.org.br\/site\/associado\/","title":{"rendered":"SEJA UM ASSOCIADO DO IEE"},"content":{"rendered":"<p>[vc_row css=&#8221;.vc_custom_1513739257182{padding-top: 100px !important;padding-bottom: 95px !important;}&#8221;][vc_column width=&#8221;1\/2&#8243; css=&#8221;.vc_custom_1513738934109{padding-right: 15px !important;padding-left: 15px !important;}&#8221;][vc_custom_heading text=&#8221;SEJA UM ASSOCIADO DO IEE&#8221; font_container=&#8221;tag:h3|font_size:30px|text_align:left|color:%23171717|line_height:30px&#8221; google_fonts=&#8221;font_family:Montserrat%3Aregular%2C700|font_style:400%20regular%3A400%3Anormal&#8221; el_class=&#8221;weight_500&#8243; css=&#8221;.vc_custom_1604353161311{margin-top: 0px !important;margin-bottom: 21px !important;}&#8221;][vc_column_text]Muitas institui\u00e7\u00f5es devotadas \u00e0 pr\u00e1tica do Bem contam com seus colaboradores para atingir \u00e0s finalidades a que se prop\u00f5em. Poucas, no entanto, d\u00e3o tanto espa\u00e7o a esses colaboradores quanto o Instituto Esp\u00edrita de Educa\u00e7\u00e3o.<\/p>\n<p>&nbsp;<\/p>\n<p>O IEE se destaca, no universo das entidades esp\u00edritas, pelo papel relevante que atribui ao seu quadro de associados, estimulando sua participa\u00e7\u00e3o nos \u00f3rg\u00e3os diretivos da Casa.<\/p>\n<p>&nbsp;<\/p>\n<p>A cada dois anos o IEE promove elei\u00e7\u00f5es para renova\u00e7\u00e3o do Conselho Deliberativo e da Diretoria Executiva, das quais podem participar, como eleitores, todos os associados efetivos, e como candidatos, todos os associados efetivos (ao Conselho Deliberativo) e os associados efetivos com mais de um ano nessa condi\u00e7\u00e3o (\u00e0 Diretoria Executiva).<\/p>\n<p>&nbsp;<\/p>\n<p>Quem disciplina os deveres e direitos de cada uma das modalidades de associado \u00e9 o Estatuto do IEE, em seu Cap\u00edtulo III (DOS ASSOCIADOS \u2013 admiss\u00e3o, direitos e deveres).<\/p>\n<p>&nbsp;<\/p>\n<p>E como fazer para tornar-se um associado do Instituto Esp\u00edrita de Educa\u00e7\u00e3o?<\/p>\n<p>&nbsp;<\/p>\n<p><strong>Basta preencher a ficha de inscri\u00e7\u00e3o<\/strong> e tornar-se, em princ\u00edpio, um \u201cassociado contribuinte\u201d. Esta \u00e9 uma categoria de associado destinada \u00e0queles que gostariam de contribuir, inclusive financeiramente, com as a\u00e7\u00f5es do IEE, mas sem participar mais ativamente de suas decis\u00f5es.<\/p>\n<p>&nbsp;<\/p>\n<p>Para os que desejarem, decorrido um ano como associado contribuinte, e participando regularmente de alguma atividade da Casa, \u00e9 poss\u00edvel a transfer\u00eancia \u00e0 categoria de associado efetivo, permitindo, assim, participa\u00e7\u00e3o mais ativa nas inst\u00e2ncias decis\u00f3rias do IEE.<\/p>\n<p>&nbsp;<\/p>\n<p>Nesse momento passa a ser poss\u00edvel atuar, com direito a voto, das Assembleias Gerais, e, na condi\u00e7\u00e3o de votante, de elei\u00e7\u00f5es para Diretoria Executiva e Conselho Deliberativo. Tamb\u00e9m ser\u00e1 poss\u00edvel a qualquer associado efetivo inscrever-se como candidato ao Conselho Deliberativo. Passado um ano na condi\u00e7\u00e3o de associado efetivo, finalmente, \u00e9 poss\u00edvel participar das elei\u00e7\u00f5es para a Diretoria Executiva, como candidato.<\/p>\n<p>&nbsp;<\/p>\n<p>Ao longo dos anos observamos como \u00e9 positiva a conviv\u00eancia de Conselheiros e Diretores mais antigos com outros mais recentes, tendo como resultado ideias sempre renovadas.<\/p>\n<p>&nbsp;<\/p>\n<p><strong>Como associado voc\u00ea colabora com o IEE no desenvolvimento e manuten\u00e7\u00e3o de suas atividades.\u00a0\u00c9 a valiosa colabora\u00e7\u00e3o dos volunt\u00e1rios e associados que mant\u00eam o Instituto.<\/strong><\/p>\n<p>&nbsp;<\/p>\n<p>Para associar-se, preencha a ficha.<\/p>\n<p>&nbsp;<\/p>\n<p>Voc\u00ea receber\u00e1 um boleto banc\u00e1rio que poder\u00e1 ser pago em qualquer banco ou na secretaria do IEE. N\u00e3o h\u00e1 um valor m\u00ednimo de contribui\u00e7\u00e3o.<\/p>\n<p>&nbsp;<\/p>\n<p>Muito obrigado.[\/vc_column_text][vc_empty_space][\/vc_column][vc_column width=&#8221;1\/2&#8243; css=&#8221;.vc_custom_1513738945681{padding-right: 15px !important;padding-left: 15px !important;}&#8221;][vc_custom_heading text=&#8221;FICHA DE INSCRI\u00c7\u00c3O&#8221; font_container=&#8221;tag:h3|font_size:20px|text_align:left|color:%23171717|line_height:30px&#8221; google_fonts=&#8221;font_family:Montserrat%3Aregular%2C700|font_style:400%20regular%3A400%3Anormal&#8221; el_class=&#8221;weight_500&#8243; css=&#8221;.vc_custom_1604353380839{margin-top: 0px !important;margin-bottom: 21px !important;}&#8221;]\n<div class=\"wpcf7 no-js\" id=\"wpcf7-f2105-o1\" lang=\"en-US\" dir=\"ltr\" data-wpcf7-id=\"2105\">\n<div class=\"screen-reader-response\"><p role=\"status\" aria-live=\"polite\" aria-atomic=\"true\"><\/p> <ul><\/ul><\/div>\n<form action=\"\/site\/wp-json\/wp\/v2\/pages\/2099#wpcf7-f2105-o1\" method=\"post\" class=\"wpcf7-form init\" aria-label=\"Contact form\" novalidate=\"novalidate\" data-status=\"init\">\n<fieldset class=\"hidden-fields-container\"><input type=\"hidden\" name=\"_wpcf7\" value=\"2105\" \/><input type=\"hidden\" name=\"_wpcf7_version\" value=\"6.1.5\" \/><input type=\"hidden\" name=\"_wpcf7_locale\" value=\"en_US\" \/><input type=\"hidden\" name=\"_wpcf7_unit_tag\" value=\"wpcf7-f2105-o1\" \/><input type=\"hidden\" name=\"_wpcf7_container_post\" value=\"0\" \/><input type=\"hidden\" name=\"_wpcf7_posted_data_hash\" value=\"\" \/>\n<\/fieldset>\n<div class=\"form_contact\">\n\t<p>Nome (obrigat\u00f3rio)<br \/>\n<span class=\"wpcf7-form-control-wrap\" data-name=\"nome\"><input size=\"40\" maxlength=\"400\" class=\"wpcf7-form-control wpcf7-text wpcf7-validates-as-required\" aria-required=\"true\" aria-invalid=\"false\" value=\"\" type=\"text\" name=\"nome\" \/><\/span>\n\t<\/p>\n\t<p>Endere\u00e7o para correspond\u00eancia<br \/>\n<span class=\"wpcf7-form-control-wrap\" data-name=\"correspondencia\"><input size=\"40\" maxlength=\"400\" class=\"wpcf7-form-control wpcf7-text wpcf7-validates-as-required\" aria-required=\"true\" aria-invalid=\"false\" value=\"\" type=\"text\" name=\"correspondencia\" \/><\/span>\n\t<\/p>\n\t<p>CEP<br \/>\n<span class=\"wpcf7-form-control-wrap\" data-name=\"cep\"><input size=\"40\" maxlength=\"400\" class=\"wpcf7-form-control wpcf7-text wpcf7-validates-as-required\" aria-required=\"true\" aria-invalid=\"false\" value=\"\" type=\"text\" name=\"cep\" \/><\/span>\n\t<\/p>\n\t<p>Cidade<br \/>\n<span class=\"wpcf7-form-control-wrap\" data-name=\"cidade\"><input size=\"40\" maxlength=\"400\" class=\"wpcf7-form-control wpcf7-text wpcf7-validates-as-required\" aria-required=\"true\" aria-invalid=\"false\" value=\"\" type=\"text\" name=\"cidade\" \/><\/span>\n\t<\/p>\n\t<p>Estado<br \/>\n<span class=\"wpcf7-form-control-wrap\" data-name=\"estado\"><input size=\"40\" maxlength=\"400\" class=\"wpcf7-form-control wpcf7-text wpcf7-validates-as-required\" aria-required=\"true\" aria-invalid=\"false\" value=\"\" type=\"text\" name=\"estado\" \/><\/span>\n\t<\/p>\n\t<p>CPF<br \/>\n<span class=\"wpcf7-form-control-wrap\" data-name=\"cpf\"><input size=\"40\" maxlength=\"400\" class=\"wpcf7-form-control wpcf7-text wpcf7-validates-as-required\" aria-required=\"true\" aria-invalid=\"false\" value=\"\" type=\"text\" name=\"cpf\" \/><\/span>\n\t<\/p>\n\t<p>Telefones para contato<br \/>\n<span class=\"wpcf7-form-control-wrap\" data-name=\"telefones\"><input size=\"40\" maxlength=\"400\" class=\"wpcf7-form-control wpcf7-text wpcf7-validates-as-required\" aria-required=\"true\" aria-invalid=\"false\" value=\"\" type=\"text\" name=\"telefones\" \/><\/span>\n\t<\/p>\n\t<p>e-mail (obrigat\u00f3rio)<br \/>\n<span class=\"wpcf7-form-control-wrap\" data-name=\"your-email\"><input size=\"40\" maxlength=\"400\" class=\"wpcf7-form-control wpcf7-email wpcf7-validates-as-required wpcf7-text wpcf7-validates-as-email\" aria-required=\"true\" aria-invalid=\"false\" value=\"\" type=\"email\" name=\"your-email\" \/><\/span>\n\t<\/p>\n\t<p>Informar valor da contribui\u00e7\u00e3o mensal para emiss\u00e3o do boleto banc\u00e1rio<br \/>\n<span class=\"wpcf7-form-control-wrap\" data-name=\"valor\"><input size=\"40\" maxlength=\"400\" class=\"wpcf7-form-control wpcf7-text wpcf7-validates-as-required\" aria-required=\"true\" aria-invalid=\"false\" value=\"\" type=\"text\" name=\"valor\" \/><\/span>\n\t<\/p>\n\t<p>Dia de vencimento do boleto<br \/>\n<span class=\"wpcf7-form-control-wrap\" data-name=\"diadevencimentodoboleto\"><span class=\"wpcf7-form-control wpcf7-checkbox Dia de vencimento do boleto\" id=\"vencimentodoboleto\"><span class=\"wpcf7-list-item first\"><span class=\"wpcf7-list-item-label\">05<\/span><input type=\"checkbox\" name=\"diadevencimentodoboleto[]\" value=\"05\" \/><\/span><span class=\"wpcf7-list-item\"><span class=\"wpcf7-list-item-label\">10<\/span><input type=\"checkbox\" name=\"diadevencimentodoboleto[]\" value=\"10\" \/><\/span><span class=\"wpcf7-list-item\"><span class=\"wpcf7-list-item-label\">15<\/span><input type=\"checkbox\" name=\"diadevencimentodoboleto[]\" value=\"15\" \/><\/span><span class=\"wpcf7-list-item\"><span class=\"wpcf7-list-item-label\">20<\/span><input type=\"checkbox\" name=\"diadevencimentodoboleto[]\" value=\"20\" \/><\/span><span class=\"wpcf7-list-item last\"><span class=\"wpcf7-list-item-label\">25<\/span><input type=\"checkbox\" name=\"diadevencimentodoboleto[]\" value=\"25\" \/><\/span><\/span><\/span>\n\t<\/p>\n\t<p><span class=\"wpcf7-form-control-wrap kc_captcha\" data-name=\"kc_captcha\"><span class=\"wpcf7-form-control wpcf7-radio\"><span class=\"captcha-image\" ><span class=\"cf7ic_instructions\">Please prove you are human by selecting the<span> truck<\/span>.<\/span><label><input aria-label=\"1\" type=\"radio\" name=\"kc_captcha\" value=\"bot\" \/><svg aria-hidden=\"true\" role=\"img\" xmlns=\"http:\/\/www.w3.org\/2000\/svg\" viewBox=\"0 0 576 512\"><path fill=\"currentColor\" d=\"M488 313v143c0 13-11 24-24 24H348c-7 0-12-5-12-12V356c0-7-5-12-12-12h-72c-7 0-12 5-12 12v112c0 7-5 12-12 12H112c-13 0-24-11-24-24V313c0-4 2-7 4-10l188-154c5-4 11-4 16 0l188 154c2 3 4 6 4 10zm84-61l-84-69V44c0-6-5-12-12-12h-56c-7 0-12 6-12 12v73l-89-74a48 48 0 00-61 0L4 252c-5 4-5 12-1 17l25 31c5 5 12 5 17 1l235-193c5-4 11-4 16 0l235 193c5 5 13 4 17-1l25-31c4-6 4-13-1-17z\"\/><\/svg><\/label><label><input aria-label=\"2\" type=\"radio\" name=\"kc_captcha\" value=\"bot\" \/><svg aria-hidden=\"true\" role=\"img\" xmlns=\"http:\/\/www.w3.org\/2000\/svg\" viewBox=\"0 0 512 512\"><path fill=\"currentColor\" d=\"M512 176a176 176 0 01-209 173l-24 27a24 24 0 01-18 8h-37v40c0 13-11 24-24 24h-40v40c0 13-11 24-24 24H24c-13 0-24-11-24-24v-78c0-6 3-13 7-17l162-162a176 176 0 11343-55zm-176-48a48 48 0 1096 0 48 48 0 00-96 0z\"\/><\/svg><\/label><label><input aria-label=\"3\" type=\"radio\" name=\"kc_captcha\" value=\"kc_human\" \/><svg aria-hidden=\"true\" role=\"img\" xmlns=\"http:\/\/www.w3.org\/2000\/svg\" viewBox=\"0 0 640 512\"><path fill=\"currentColor\" d=\"M624 352h-16V244c0-13-5-25-14-34L494 110c-9-9-21-14-34-14h-44V48c0-26-21-48-48-48H48C22 0 0 22 0 48v320c0 27 22 48 48 48h16a96 96 0 00192 0h128a96 96 0 00192 0h48c9 0 16-7 16-16v-32c0-9-7-16-16-16zM160 464a48 48 0 110-96 48 48 0 010 96zm320 0a48 48 0 110-96 48 48 0 010 96zm80-208H416V144h44l100 100v12z\"\/><\/svg><\/label>\r\n    <\/span>\r\n    <span style=\"display:none\">\r\n        <input type=\"text\" name=\"kc_honeypot\">\r\n    <\/span><\/span><\/span>\n\t<\/p>\n\t<p><input class=\"wpcf7-form-control wpcf7-submit has-spinner\" type=\"submit\" value=\"Enviar\" \/>\n\t<\/p>\n<\/div><div class=\"wpcf7-response-output\" aria-hidden=\"true\"><\/div>\n<\/form>\n<\/div>\n[\/vc_column][\/vc_row][vc_row jws_parallax=&#8221;1&#8243; css=&#8221;.vc_custom_1602640632372{padding-top: 95px !important;padding-bottom: 100px !important;background-image: url(https:\/\/ieesp.org.br\/site\/wp-content\/uploads\/2020\/09\/slider1.jpg?id=1944) !important;}&#8221;][vc_column][vc_custom_heading text=&#8221;QUE TAL SER VOLUNT\u00c1RIO DO IEE?&#8221; font_container=&#8221;tag:h4|font_size:30px|text_align:center|color:%23ffffff&#8221; google_fonts=&#8221;font_family:Montserrat%3Aregular%2C700|font_style:400%20regular%3A400%3Anormal&#8221; css_animation=&#8221;fadeInUp&#8221; css=&#8221;.vc_custom_1604364900726{margin-bottom: 21px !important;}&#8221;][vc_custom_heading text=&#8221;Sua ajuda \u00e9 muito importante!&#8221; font_container=&#8221;tag:p|font_size:16px|text_align:center|color:%23a9a9a9|line_height:30px&#8221; google_fonts=&#8221;font_family:Montserrat%3Aregular%2C700|font_style:400%20regular%3A400%3Anormal&#8221; css_animation=&#8221;fadeInUp&#8221; css=&#8221;.vc_custom_1604364999057{margin-bottom: 32px !important;}&#8221;]        <div class=\" wpb_animate_when_almost_visible wpb_fadeInUp fadeInUp\">\n\t\t\t<div style=\"border-radius: 25px;     background-size: 200% auto; background-image: linear-gradient(to right,#43cda2 0%,#185a9d 51%,#43cda2 100%) !important; margin:0 auto; width: 270px  ; height: 45px ; line-height: 45px ; text-align: center; color: #ffffff; font-size: 14px; font-weight: 500;display: block; cursor: pointer;\" class=\" button_kloud hvr-float-shadow\" onclick=\"window.location.href='https:\/\/ieesp.org.br\/site\/voluntariado'\" >\n                INSCREVA-SE            <\/div> \n        <\/div>       \n\t\t[\/vc_column][\/vc_row]<\/p>\n","protected":false},"excerpt":{"rendered":"<p>[vc_row css=&#8221;.vc_custom_1513739257182{padding-top: 100px !important;padding-bottom: 95px !important;}&#8221;][vc_column width=&#8221;1\/2&#8243; css=&#8221;.vc_custom_1513738934109{padding-right: 15px !important;padding-left: 15px !important;}&#8221;][vc_custom_heading text=&#8221;SEJA UM ASSOCIADO DO IEE&#8221; font_container=&#8221;tag:h3|font_size:30px|text_align:left|color:%23171717|line_height:30px&#8221; google_fonts=&#8221;font_family:Montserrat%3Aregular%2C700|font_style:400%20regular%3A400%3Anormal&#8221; el_class=&#8221;weight_500&#8243; css=&#8221;.vc_custom_1604353161311{margin-top: 0px !important;margin-bottom: 21px !important;}&#8221;][vc_column_text]Muitas institui\u00e7\u00f5es devotadas \u00e0 pr\u00e1tica do Bem contam com seus colaboradores para atingir \u00e0s finalidades a que se prop\u00f5em. Poucas, no entanto, d\u00e3o tanto espa\u00e7o a esses colaboradores quanto o Instituto [&hellip;]<\/p>\n","protected":false},"author":1,"featured_media":0,"parent":0,"menu_order":0,"comment_status":"closed","ping_status":"closed","template":"","meta":{"footnotes":""},"class_list":["post-2099","page","type-page","status-publish","hentry"],"_links":{"self":[{"href":"https:\/\/ieesp.org.br\/site\/wp-json\/wp\/v2\/pages\/2099","targetHints":{"allow":["GET"]}}],"collection":[{"href":"https:\/\/ieesp.org.br\/site\/wp-json\/wp\/v2\/pages"}],"about":[{"href":"https:\/\/ieesp.org.br\/site\/wp-json\/wp\/v2\/types\/page"}],"author":[{"embeddable":true,"href":"https:\/\/ieesp.org.br\/site\/wp-json\/wp\/v2\/users\/1"}],"replies":[{"embeddable":true,"href":"https:\/\/ieesp.org.br\/site\/wp-json\/wp\/v2\/comments?post=2099"}],"version-history":[{"count":14,"href":"https:\/\/ieesp.org.br\/site\/wp-json\/wp\/v2\/pages\/2099\/revisions"}],"predecessor-version":[{"id":2977,"href":"https:\/\/ieesp.org.br\/site\/wp-json\/wp\/v2\/pages\/2099\/revisions\/2977"}],"wp:attachment":[{"href":"https:\/\/ieesp.org.br\/site\/wp-json\/wp\/v2\/media?parent=2099"}],"curies":[{"name":"wp","href":"https:\/\/api.w.org\/{rel}","templated":true}]}}