{"id":2111,"date":"2020-11-02T23:05:10","date_gmt":"2020-11-03T01:05:10","guid":{"rendered":"https:\/\/ieesp.org.br\/site\/?page_id=2111"},"modified":"2024-02-06T09:46:00","modified_gmt":"2024-02-06T12:46:00","slug":"voluntariado","status":"publish","type":"page","link":"https:\/\/ieesp.org.br\/site\/voluntariado\/","title":{"rendered":"VOLUNTARIADO"},"content":{"rendered":"<p>[vc_row css=&#8221;.vc_custom_1513739257182{padding-top: 100px !important;padding-bottom: 95px !important;}&#8221;][vc_column width=&#8221;1\/2&#8243; css=&#8221;.vc_custom_1513738934109{padding-right: 15px !important;padding-left: 15px !important;}&#8221;][vc_custom_heading text=&#8221;VOLUNTARIADO&#8221; font_container=&#8221;tag:h3|font_size:30px|text_align:left|color:%23171717|line_height:30px&#8221; google_fonts=&#8221;font_family:Montserrat%3Aregular%2C700|font_style:400%20regular%3A400%3Anormal&#8221; el_class=&#8221;weight_500&#8243; css=&#8221;.vc_custom_1604367623249{margin-top: 0px !important;margin-bottom: 21px !important;}&#8221;][vc_column_text]<strong>O trabalho volunt\u00e1rio<\/strong><\/p>\n<p>&nbsp;<\/p>\n<p>\u00c9 uma a\u00e7\u00e3o e o compromisso de ajudar e ser ajudado.<\/p>\n<p>\u00c9 doar o seu tempo dispon\u00edvel usando sua habilidade e empatia sem receber nada material em troca.<\/p>\n<p>&nbsp;<\/p>\n<p><strong>Quem pode ser volunt\u00e1rio? \u00a0 <\/strong><\/p>\n<p>Jovens acima de 18 anos, adultos e idosos que desejam fortalecer a equipe existente.<\/p>\n<p>&nbsp;<\/p>\n<p><strong>Como fa\u00e7o para ser um volunt\u00e1rio do IEE?<\/strong><\/p>\n<p>Aos interessados, preencha ficha de inscri\u00e7\u00e3o no bot\u00e3o abaixo ou procure a recep\u00e7\u00e3o para o preenchimento. Na ficha consta os dias, hor\u00e1rios, as atividades e tamb\u00e9m as \u00e1reas de atua\u00e7\u00e3o dispon\u00edveis para o trabalho volunt\u00e1rio do IEE.<\/p>\n<p><strong>Junte-se a n\u00f3s!!<\/strong>[\/vc_column_text][\/vc_column][vc_column width=&#8221;1\/2&#8243; css=&#8221;.vc_custom_1513738945681{padding-right: 15px !important;padding-left: 15px !important;}&#8221;][vc_custom_heading text=&#8221;FICHA DE INSCRI\u00c7\u00c3O&#8221; font_container=&#8221;tag:h3|font_size:20px|text_align:left|color:%23171717|line_height:30px&#8221; google_fonts=&#8221;font_family:Montserrat%3Aregular%2C700|font_style:400%20regular%3A400%3Anormal&#8221; el_class=&#8221;weight_500&#8243; css=&#8221;.vc_custom_1604353380839{margin-top: 0px !important;margin-bottom: 21px !important;}&#8221;]        <div class=\" wpb_animate_when_almost_visible wpb_fadeInUp fadeInUp\">\n\t\t\t<div style=\"border-radius: 25px;     background-size: 200% auto; background-image: linear-gradient(to right,#43cda2 0%,#185a9d 51%,#43cda2 100%) !important; margin:0; width: 270px  ; height: 45px ; line-height: 45px ; text-align: center; color: #ffffff; font-size: 14px; font-weight: 500;display: block; cursor: pointer;\" class=\" button_kloud hvr-float-shadow\" onclick=\"window.location.href='https:\/\/docs.google.com\/forms\/d\/e\/1FAIpQLSfw7A2-gSjpRSOTcmfilvyP1ZrL9nx1p2WBj_ct1f5DjC-Vhw\/viewform'\" >\n                INSCREVA-SE AQUI            <\/div> \n        <\/div>       \n\t\t[\/vc_column][\/vc_row][vc_row jws_parallax=&#8221;1&#8243; css=&#8221;.vc_custom_1604369271791{padding-top: 95px !important;padding-bottom: 100px !important;background-image: url(https:\/\/ieesp.org.br\/site\/wp-content\/uploads\/2020\/09\/brax.jpg?id=1942) !important;}&#8221;][vc_column][vc_custom_heading text=&#8221;QUE TAL SER UM ASSOCIADO DO IEE?&#8221; font_container=&#8221;tag:h4|font_size:30px|text_align:center|color:%23ffffff&#8221; google_fonts=&#8221;font_family:Montserrat%3Aregular%2C700|font_style:400%20regular%3A400%3Anormal&#8221; css_animation=&#8221;fadeInUp&#8221; css=&#8221;.vc_custom_1604369106355{margin-bottom: 21px !important;}&#8221;][vc_custom_heading text=&#8221;Sua ajuda \u00e9 muito importante!&#8221; font_container=&#8221;tag:p|font_size:16px|text_align:center|color:%23a9a9a9|line_height:30px&#8221; google_fonts=&#8221;font_family:Montserrat%3Aregular%2C700|font_style:400%20regular%3A400%3Anormal&#8221; css_animation=&#8221;fadeInUp&#8221; css=&#8221;.vc_custom_1604369179250{margin-bottom: 32px !important;}&#8221;]        <div class=\" wpb_animate_when_almost_visible wpb_fadeInUp fadeInUp\">\n\t\t\t<div style=\"border-radius: 25px;     background-size: 200% auto; background-image: linear-gradient(to right,#43cda2 0%,#185a9d 51%,#43cda2 100%) !important; margin:0 auto; width: 270px  ; height: 45px ; line-height: 45px ; text-align: center; color: #ffffff; font-size: 14px; font-weight: 500;display: block; cursor: pointer;\" class=\" button_kloud hvr-float-shadow\" onclick=\"window.location.href='https:\/\/ieesp.org.br\/site\/associado\/'\" >\n                INSCREVA-SE            <\/div> \n        <\/div>       \n\t\t[\/vc_column][\/vc_row]<\/p>\n","protected":false},"excerpt":{"rendered":"<p>[vc_row css=&#8221;.vc_custom_1513739257182{padding-top: 100px !important;padding-bottom: 95px !important;}&#8221;][vc_column width=&#8221;1\/2&#8243; css=&#8221;.vc_custom_1513738934109{padding-right: 15px !important;padding-left: 15px !important;}&#8221;][vc_custom_heading text=&#8221;VOLUNTARIADO&#8221; font_container=&#8221;tag:h3|font_size:30px|text_align:left|color:%23171717|line_height:30px&#8221; google_fonts=&#8221;font_family:Montserrat%3Aregular%2C700|font_style:400%20regular%3A400%3Anormal&#8221; el_class=&#8221;weight_500&#8243; css=&#8221;.vc_custom_1604367623249{margin-top: 0px !important;margin-bottom: 21px !important;}&#8221;][vc_column_text]O trabalho volunt\u00e1rio &nbsp; \u00c9 uma a\u00e7\u00e3o e o compromisso de ajudar e ser ajudado. \u00c9 doar o seu tempo dispon\u00edvel usando sua habilidade e empatia sem receber nada material em troca. &nbsp; Quem pode [&hellip;]<\/p>\n","protected":false},"author":1,"featured_media":0,"parent":0,"menu_order":0,"comment_status":"closed","ping_status":"closed","template":"","meta":{"footnotes":""},"class_list":["post-2111","page","type-page","status-publish","hentry"],"_links":{"self":[{"href":"https:\/\/ieesp.org.br\/site\/wp-json\/wp\/v2\/pages\/2111","targetHints":{"allow":["GET"]}}],"collection":[{"href":"https:\/\/ieesp.org.br\/site\/wp-json\/wp\/v2\/pages"}],"about":[{"href":"https:\/\/ieesp.org.br\/site\/wp-json\/wp\/v2\/types\/page"}],"author":[{"embeddable":true,"href":"https:\/\/ieesp.org.br\/site\/wp-json\/wp\/v2\/users\/1"}],"replies":[{"embeddable":true,"href":"https:\/\/ieesp.org.br\/site\/wp-json\/wp\/v2\/comments?post=2111"}],"version-history":[{"count":8,"href":"https:\/\/ieesp.org.br\/site\/wp-json\/wp\/v2\/pages\/2111\/revisions"}],"predecessor-version":[{"id":4391,"href":"https:\/\/ieesp.org.br\/site\/wp-json\/wp\/v2\/pages\/2111\/revisions\/4391"}],"wp:attachment":[{"href":"https:\/\/ieesp.org.br\/site\/wp-json\/wp\/v2\/media?parent=2111"}],"curies":[{"name":"wp","href":"https:\/\/api.w.org\/{rel}","templated":true}]}}