{"id":2121,"date":"2020-11-03T00:18:22","date_gmt":"2020-11-03T02:18:22","guid":{"rendered":"https:\/\/ieesp.org.br\/site\/?page_id=2121"},"modified":"2026-01-17T11:33:20","modified_gmt":"2026-01-17T14:33:20","slug":"vibracoes","status":"publish","type":"page","link":"https:\/\/ieesp.org.br\/site\/vibracoes\/","title":{"rendered":"PEDIDO DE VIBRA\u00c7\u00d5ES"},"content":{"rendered":"<p>[vc_row css=&#8221;.vc_custom_1513739257182{padding-top: 100px !important;padding-bottom: 95px !important;}&#8221;][vc_column width=&#8221;1\/2&#8243; css=&#8221;.vc_custom_1513738934109{padding-right: 15px !important;padding-left: 15px !important;}&#8221;][vc_custom_heading text=&#8221;PEDIDO DE VIBRA\u00c7\u00d5ES&#8221; font_container=&#8221;tag:h3|font_size:30px|text_align:left|color:%23171717|line_height:30px&#8221; google_fonts=&#8221;font_family:Montserrat%3Aregular%2C700|font_style:400%20regular%3A400%3Anormal&#8221; el_class=&#8221;weight_500&#8243; css=&#8221;.vc_custom_1604370087878{margin-top: 0px !important;margin-bottom: 21px !important;}&#8221;][vc_column_text]Caso voc\u00ea esteja impossibilitado de comparecer ao Instituto e deseje fazer um Pedido de Vibra\u00e7\u00f5es para voc\u00ea ou outra pessoa que esteja necessitando, preencha o formul\u00e1rio abaixo e tecle em ENVIAR.<\/p>\n<p>&nbsp;<\/p>\n<p>Seu pedido ser\u00e1 recebido e entregue para a Equipe respons\u00e1vel e o nome ficar\u00e1 nas vibra\u00e7\u00f5es durante 30 dias.\u00a0Voc\u00ea deve ficar em concentra\u00e7\u00e3o por 20 minutos, \u00e0s 2a feiras \u00e0s 20h, para pedidos de sa\u00fade f\u00edsica, ou de 2a a 6a feira \u00e0s 20h30 para os demais pedidos, durante este per\u00edodo.<\/p>\n<p>&nbsp;<\/p>\n<p>O preenchimento completo do formul\u00e1rio \u00e9 muito importante. Os dados s\u00e3o sigilosos e n\u00e3o ser\u00e3o utilizados para outros fins!<\/p>\n<p>&nbsp;<\/p>\n<p>Se voc\u00ea deseja conversar com algu\u00e9m, sugerimos nosso atendimento fraterno presencial, nas Segundas e Quintas \u00e0s 19h30, ou Quartas das 11h30 \u00e0s 12h30. Temos ainda o atendimento fraterno on-line que pode ser agendado pelo site. <a href=\"https:\/\/www.agendaai.com.br\/page\/ieespaf\">Agende Aqui.<\/a><\/p>\n<p>&nbsp;<\/p>\n<p>Clique no bot\u00e3o abaixo para enviar seu Pedido de Vibra\u00e7\u00f5es.<\/p>\n<p>&nbsp;[\/vc_column_text]        <div class=\" wpb_animate_when_almost_visible wpb_fadeInUp fadeInUp\">\n\t\t\t<div style=\"border-radius: 25px;     background-size: 200% auto; background-image: linear-gradient(to right,#67b5bb 0%,#1a629d 51%,#67b5bb 100%) !important; margin:0 auto; width: 200px  ; height: 46px ; line-height: 46px ; text-align: center; color: #ffffff; font-size: 14px; font-weight: 500;display: block; cursor: pointer;\" class=\" button_kloud hvr-float-shadow\" onclick=\"window.location.href='https:\/\/forms.gle\/3N5dfMxE3s3U8VX9A'\" >\n                PEDIDO DE VIBRA\u00c7\u00d5ES            <\/div> \n        <\/div>       \n\t\t[vc_empty_space][\/vc_column][vc_column width=&#8221;1\/2&#8243; css=&#8221;.vc_custom_1513738945681{padding-right: 15px !important;padding-left: 15px !important;}&#8221;][vc_single_image image=&#8221;3677&#8243; img_size=&#8221;full&#8221;][\/vc_column][\/vc_row][vc_row jws_parallax=&#8221;1&#8243; css=&#8221;.vc_custom_1604369271791{padding-top: 95px !important;padding-bottom: 100px !important;background-image: url(https:\/\/ieesp.org.br\/site\/wp-content\/uploads\/2020\/09\/brax.jpg?id=1942) !important;}&#8221;][vc_column][vc_custom_heading text=&#8221;QUE TAL SER UM ASSOCIADO DO IEE?&#8221; font_container=&#8221;tag:h4|font_size:30px|text_align:center|color:%23ffffff&#8221; google_fonts=&#8221;font_family:Montserrat%3Aregular%2C700|font_style:400%20regular%3A400%3Anormal&#8221; css_animation=&#8221;fadeInUp&#8221; css=&#8221;.vc_custom_1604369106355{margin-bottom: 21px !important;}&#8221;][vc_custom_heading text=&#8221;Sua ajuda \u00e9 muito importante!&#8221; font_container=&#8221;tag:p|font_size:16px|text_align:center|color:%23a9a9a9|line_height:30px&#8221; google_fonts=&#8221;font_family:Montserrat%3Aregular%2C700|font_style:400%20regular%3A400%3Anormal&#8221; css_animation=&#8221;fadeInUp&#8221; css=&#8221;.vc_custom_1604369179250{margin-bottom: 32px !important;}&#8221;]        <div class=\" wpb_animate_when_almost_visible wpb_fadeInUp fadeInUp\">\n\t\t\t<div style=\"border-radius: 25px;     background-size: 200% auto; background-image: linear-gradient(to right,#43cda2 0%,#185a9d 51%,#43cda2 100%) !important; margin:0 auto; width: 270px  ; height: 45px ; line-height: 45px ; text-align: center; color: #ffffff; font-size: 14px; font-weight: 500;display: block; cursor: pointer;\" class=\" button_kloud hvr-float-shadow\" onclick=\"window.location.href='https:\/\/ieesp.org.br\/site\/associado\/'\" >\n                INSCREVA-SE            <\/div> \n        <\/div>       \n\t\t[\/vc_column][\/vc_row]<\/p>\n","protected":false},"excerpt":{"rendered":"<p>[vc_row css=&#8221;.vc_custom_1513739257182{padding-top: 100px !important;padding-bottom: 95px !important;}&#8221;][vc_column width=&#8221;1\/2&#8243; css=&#8221;.vc_custom_1513738934109{padding-right: 15px !important;padding-left: 15px !important;}&#8221;][vc_custom_heading text=&#8221;PEDIDO DE VIBRA\u00c7\u00d5ES&#8221; font_container=&#8221;tag:h3|font_size:30px|text_align:left|color:%23171717|line_height:30px&#8221; google_fonts=&#8221;font_family:Montserrat%3Aregular%2C700|font_style:400%20regular%3A400%3Anormal&#8221; el_class=&#8221;weight_500&#8243; css=&#8221;.vc_custom_1604370087878{margin-top: 0px !important;margin-bottom: 21px !important;}&#8221;][vc_column_text]Caso voc\u00ea esteja impossibilitado de comparecer ao Instituto e deseje fazer um Pedido de Vibra\u00e7\u00f5es para voc\u00ea ou outra pessoa que esteja necessitando, preencha o formul\u00e1rio abaixo e tecle em ENVIAR. &nbsp; Seu [&hellip;]<\/p>\n","protected":false},"author":1,"featured_media":0,"parent":0,"menu_order":0,"comment_status":"closed","ping_status":"closed","template":"","meta":{"footnotes":""},"class_list":["post-2121","page","type-page","status-publish","hentry"],"_links":{"self":[{"href":"https:\/\/ieesp.org.br\/site\/wp-json\/wp\/v2\/pages\/2121","targetHints":{"allow":["GET"]}}],"collection":[{"href":"https:\/\/ieesp.org.br\/site\/wp-json\/wp\/v2\/pages"}],"about":[{"href":"https:\/\/ieesp.org.br\/site\/wp-json\/wp\/v2\/types\/page"}],"author":[{"embeddable":true,"href":"https:\/\/ieesp.org.br\/site\/wp-json\/wp\/v2\/users\/1"}],"replies":[{"embeddable":true,"href":"https:\/\/ieesp.org.br\/site\/wp-json\/wp\/v2\/comments?post=2121"}],"version-history":[{"count":14,"href":"https:\/\/ieesp.org.br\/site\/wp-json\/wp\/v2\/pages\/2121\/revisions"}],"predecessor-version":[{"id":4883,"href":"https:\/\/ieesp.org.br\/site\/wp-json\/wp\/v2\/pages\/2121\/revisions\/4883"}],"wp:attachment":[{"href":"https:\/\/ieesp.org.br\/site\/wp-json\/wp\/v2\/media?parent=2121"}],"curies":[{"name":"wp","href":"https:\/\/api.w.org\/{rel}","templated":true}]}}