{"id":2165,"date":"2020-11-03T22:34:58","date_gmt":"2020-11-04T00:34:58","guid":{"rendered":"https:\/\/ieesp.org.br\/site\/?page_id=2165"},"modified":"2021-10-23T09:14:39","modified_gmt":"2021-10-23T12:14:39","slug":"homenageados","status":"publish","type":"page","link":"https:\/\/ieesp.org.br\/site\/homenageados\/","title":{"rendered":"HOMENAGEADOS DO IEE"},"content":{"rendered":"<p>[vc_row css=&#8221;.vc_custom_1525686772484{padding-top: 100px !important;padding-bottom: 70px !important;}&#8221;][vc_column offset=&#8221;vc_col-lg-6 vc_col-md-6&#8243;]        <h3 style=\"text-align:left;font-size:; font-weight:  ; color: #67b5bb ;  \" class=\" headding_two \">HOMENAGEADOS            <span style=\"color: #000000 ; font-size:; font-weight:  \">DO IEE<\/span>\n        <\/h3> \n\t\t[vc_custom_heading text=&#8221;CONHE\u00c7A QUEM FORAM OS NOSSOS GRANDES HOMENAGEADOS&#8221; font_container=&#8221;tag:h4|font_size:20px|text_align:left|color:%23171717|line_height:30px&#8221; google_fonts=&#8221;font_family:Montserrat%3Aregular%2C700|font_style:400%20regular%3A400%3Anormal&#8221; css_animation=&#8221;fadeInUp&#8221; el_class=&#8221;weight_500&#8243; css=&#8221;.vc_custom_1604466066089{margin-bottom: 22px !important;}&#8221;][vc_column_text css_animation=&#8221;fadeInUp&#8221; css=&#8221;.vc_custom_1604468968610{margin-bottom: 90px !important;}&#8221;]O IEE tem homenageado trabalhadores que deram uma relevante contribui\u00e7\u00e3o ao longo do tempo \u00e0 nossa casa. Come\u00e7amos com esses reconhecimentos \u00e0 partir de 2016. Confira abaixo os homenageados a cada ano:<\/p>\n<p>&nbsp;<\/p>\n<p>2018 \u2013 Dona Adelina Batlle e Dona Fernande Hack<\/p>\n<p>&nbsp;<\/p>\n<p>2017 \u2013 Veriano Cleanto Gomes<\/p>\n<p>&nbsp;<\/p>\n<p>2016 \u2013 Dona Geny de Oliveira, Sr. Nelson Firmino e\u00a0Sr. Aldo Colasurdo[\/vc_column_text][\/vc_column][vc_column offset=&#8221;vc_col-lg-6 vc_col-md-6&#8243;][vc_single_image image=&#8221;2339&#8243; img_size=&#8221;full&#8221; alignment=&#8221;center&#8221; css_animation=&#8221;fadeInLeft&#8221; css=&#8221;.vc_custom_1604966579097{margin-bottom: 30px !important;}&#8221;][\/vc_column][\/vc_row][vc_row jws_parallax=&#8221;1&#8243; css=&#8221;.vc_custom_1604376421350{background-image: url(https:\/\/ieesp.org.br\/site\/wp-content\/uploads\/2020\/09\/brax.jpg?id=1942) !important;}&#8221;][vc_column][vc_empty_space height=&#8221;80px&#8221;][vc_custom_heading text=&#8221;QUE TAL SER UM ASSOCIADO DO IEE?&#8221; font_container=&#8221;tag:h4|font_size:30px|text_align:center|color:%23ffffff|line_height:30px&#8221; google_fonts=&#8221;font_family:Montserrat%3Aregular%2C700|font_style:400%20regular%3A400%3Anormal&#8221; css_animation=&#8221;fadeInUp&#8221; css=&#8221;.vc_custom_1604376644828{margin-bottom: 22px !important;}&#8221;][vc_custom_heading text=&#8221;Sua ajuda \u00e9 muito importante!&#8221; font_container=&#8221;tag:p|font_size:16px|text_align:center|color:%23a9a9a9|line_height:30px&#8221; google_fonts=&#8221;font_family:Montserrat%3Aregular%2C700|font_style:400%20regular%3A400%3Anormal&#8221; css_animation=&#8221;fadeInUp&#8221; css=&#8221;.vc_custom_1604376763905{margin-bottom: 22px !important;}&#8221;]        <div class=\" wpb_animate_when_almost_visible wpb_fadeInUp fadeInUp\">\n\t\t\t<div style=\"border-radius: 25px;     background-size: 200% auto; background-image: linear-gradient(to right,#67b5bb 0%,#1a629d 51%,#67b5bb 100%) !important; margin:0 auto; width: 270px  ; height: 45px ; line-height: 45px ; text-align: center; color: #ffffff; font-size: 14px; font-weight: 500;display: block; cursor: pointer;\" class=\" button_kloud hvr-float-shadow\" onclick=\"window.location.href='https:\/\/ieesp.org.br\/site\/associado\/'\" >\n                INSCREVA-SE            <\/div> \n        <\/div>       \n\t\t[vc_empty_space height=&#8221;100px&#8221;][\/vc_column][\/vc_row]<\/p>\n","protected":false},"excerpt":{"rendered":"<p>[vc_row css=&#8221;.vc_custom_1525686772484{padding-top: 100px !important;padding-bottom: 70px !important;}&#8221;][vc_column offset=&#8221;vc_col-lg-6 vc_col-md-6&#8243;][vc_custom_heading text=&#8221;CONHE\u00c7A QUEM FORAM OS NOSSOS GRANDES HOMENAGEADOS&#8221; font_container=&#8221;tag:h4|font_size:20px|text_align:left|color:%23171717|line_height:30px&#8221; google_fonts=&#8221;font_family:Montserrat%3Aregular%2C700|font_style:400%20regular%3A400%3Anormal&#8221; css_animation=&#8221;fadeInUp&#8221; el_class=&#8221;weight_500&#8243; css=&#8221;.vc_custom_1604466066089{margin-bottom: 22px !important;}&#8221;][vc_column_text css_animation=&#8221;fadeInUp&#8221; css=&#8221;.vc_custom_1604468968610{margin-bottom: 90px !important;}&#8221;]O IEE tem homenageado trabalhadores que deram uma relevante contribui\u00e7\u00e3o ao longo do tempo \u00e0 nossa casa. Come\u00e7amos com esses reconhecimentos \u00e0 partir de 2016. Confira abaixo os homenageados a [&hellip;]<\/p>\n","protected":false},"author":1,"featured_media":0,"parent":0,"menu_order":0,"comment_status":"closed","ping_status":"closed","template":"","meta":{"footnotes":""},"class_list":["post-2165","page","type-page","status-publish","hentry"],"_links":{"self":[{"href":"https:\/\/ieesp.org.br\/site\/wp-json\/wp\/v2\/pages\/2165","targetHints":{"allow":["GET"]}}],"collection":[{"href":"https:\/\/ieesp.org.br\/site\/wp-json\/wp\/v2\/pages"}],"about":[{"href":"https:\/\/ieesp.org.br\/site\/wp-json\/wp\/v2\/types\/page"}],"author":[{"embeddable":true,"href":"https:\/\/ieesp.org.br\/site\/wp-json\/wp\/v2\/users\/1"}],"replies":[{"embeddable":true,"href":"https:\/\/ieesp.org.br\/site\/wp-json\/wp\/v2\/comments?post=2165"}],"version-history":[{"count":10,"href":"https:\/\/ieesp.org.br\/site\/wp-json\/wp\/v2\/pages\/2165\/revisions"}],"predecessor-version":[{"id":3204,"href":"https:\/\/ieesp.org.br\/site\/wp-json\/wp\/v2\/pages\/2165\/revisions\/3204"}],"wp:attachment":[{"href":"https:\/\/ieesp.org.br\/site\/wp-json\/wp\/v2\/media?parent=2165"}],"curies":[{"name":"wp","href":"https:\/\/api.w.org\/{rel}","templated":true}]}}