{"id":2587,"date":"2020-12-01T22:29:10","date_gmt":"2020-12-02T01:29:10","guid":{"rendered":"https:\/\/ieesp.org.br\/site\/?page_id=2587"},"modified":"2026-04-24T13:02:53","modified_gmt":"2026-04-24T16:02:53","slug":"filantropia","status":"publish","type":"page","link":"https:\/\/ieesp.org.br\/site\/filantropia\/","title":{"rendered":"FILANTROPIA"},"content":{"rendered":"<p>[vc_row jws_parallax=&#8221;1&#8243;][vc_column][vc_custom_heading text=&#8221;NOSSOS CURSOS&#8221; font_container=&#8221;tag:h3|font_size:30px|text_align:center|color:%23171717|line_height:30px&#8221; google_fonts=&#8221;font_family:Montserrat%3Aregular%2C700|font_style:400%20regular%3A400%3Anormal&#8221; el_class=&#8221;weight_500&#8243; css=&#8221;.vc_custom_1604938841409{margin-top: 50px !important;margin-bottom: 21px !important;}&#8221;][vc_custom_heading text=&#8221;DISPONIBILIZADOS SEMPRE&#8221; font_container=&#8221;tag:h3|font_size:20px|text_align:center|color:%23171717|line_height:30px&#8221; google_fonts=&#8221;font_family:Montserrat%3Aregular%2C700|font_style:400%20regular%3A400%3Anormal&#8221; el_class=&#8221;weight_500&#8243; css=&#8221;.vc_custom_1607128219391{margin-top: 0px !important;margin-bottom: 21px !important;}&#8221;][vc_empty_space][vc_custom_heading text=&#8221;Cursos da \u00c1rea Filantr\u00f3pica&#8221; font_container=&#8221;tag:h3|font_size:30px|text_align:center|color:%23171717|line_height:30px&#8221; google_fonts=&#8221;font_family:Montserrat%3Aregular%2C700|font_style:400%20regular%3A400%3Anormal&#8221; el_class=&#8221;weight_500&#8243; css=&#8221;.vc_custom_1607128246714{margin-top: 0px !important;margin-bottom: 30px !important;}&#8221;][vc_column_text]<\/p>\n<p style=\"text-align: center;\">A \u00e1rea filantr\u00f3pica dentro do Instituto Esp\u00edrita de Educa\u00e7\u00e3o promove uma aproxima\u00e7\u00e3o de todas as pessoas que a procuram, com a casa e com a doutrina esp\u00edrita, pois oferece um trabalho de doa\u00e7\u00e3o, dedica\u00e7\u00e3o e boa vontade com cursos gratuitos ministrados por professores volunt\u00e1rios criando oportunidades para capacitar pessoas interessadas em crescimento pessoal e profissional. \u00c9 um compartilhar dos \u201ctalentos\u201d que recebemos de Deus e uma oportunidade \u00edmpar de exercer a caridade como Jesus nos ensinou.<\/p>\n<p>[\/vc_column_text][\/vc_column][\/vc_row][vc_row css=&#8221;.vc_custom_1513739257182{padding-top: 100px !important;padding-bottom: 95px !important;}&#8221;][vc_column width=&#8221;1\/2&#8243; css=&#8221;.vc_custom_1513738934109{padding-right: 15px !important;padding-left: 15px !important;}&#8221;][vc_single_image image=&#8221;2591&#8243; img_size=&#8221;full&#8221;][vc_empty_space][vc_custom_heading text=&#8221;CURSOS PARA GESTANTES PRESENCIAL&#8221; font_container=&#8221;tag:h3|font_size:20px|text_align:center|color:%23171717|line_height:30px&#8221; google_fonts=&#8221;font_family:Montserrat%3Aregular%2C700|font_style:400%20regular%3A400%3Anormal&#8221; el_class=&#8221;weight_500&#8243; css=&#8221;.vc_custom_1700230267812{margin-top: 0px !important;margin-bottom: 21px !important;}&#8221;]        <div class=\" wpb_animate_when_almost_visible wpb_fadeInUp fadeInUp\">\n\t\t\t<div style=\"border-radius: 25px;     background-size: 200% auto; background-image: linear-gradient(to right,#43cda2 0%,#185a9d 51%,#43cda2 100%) !important; margin:0 auto; width: 320px  ; height: 45px ; line-height: 45px ; text-align: center; color: #ffffff; font-size: 14px; font-weight: 500;display: block; cursor: pointer;\" class=\" button_kloud hvr-float-shadow\" onclick=\"window.location.href='https:\/\/forms.gle\/MMm78c4ChYCrzcyv5'\" >\n                INSCREVA-SE AQUI            <\/div> \n        <\/div>       \n\t\t[vc_custom_heading text=&#8221;&#8221; font_container=&#8221;tag:h1|font_size:20px|text_align:center|color:%23171717|line_height:30px&#8221; google_fonts=&#8221;font_family:Montserrat%3Aregular%2C700|font_style:400%20regular%3A400%3Anormal&#8221; el_class=&#8221;weight_500&#8243; css=&#8221;.vc_custom_1700233442111{margin-top: 0px !important;margin-bottom: 21px !important;}&#8221;][vc_column_text]<strong>Aulas \u00e0s segundas das 14h30 \u00e0s 17h30<\/strong><br \/>\nVagas Limitadas: 15 gestantes.<\/p>\n<p>&nbsp;<\/p>\n<p>As aulas ser\u00e3o presenciais no IEE.<\/p>\n<p>O Instituto Esp\u00edrita de Educa\u00e7\u00e3o oferece um <strong>Curso de Gestantes<\/strong>, pensado com muito carinho para oferecer informa\u00e7\u00e3o, acolhimento e prepara\u00e7\u00e3o nesse momento t\u00e3o importante da vida da mam\u00e3e, do papai e do beb\u00ea.<\/p>\n<p>&nbsp;<\/p>\n<p>O curso ser\u00e1 composto por <strong>cinco encontros<\/strong>, com profissionais de diferentes \u00e1reas da sa\u00fade, proporcionando uma abordagem completa sobre a gesta\u00e7\u00e3o, o parto e os cuidados com o beb\u00ea.<\/p>\n<p>&nbsp;<\/p>\n<p>Entre os temas abordados, teremos orienta\u00e7\u00f5es com um<strong> m\u00e9dico<\/strong> sobre gesta\u00e7\u00e3o, parto e planejamento familiar, esclarecendo d\u00favidas e auxiliando na tomada de decis\u00f5es seguras para a m\u00e3e e o beb\u00ea.<\/p>\n<p>&nbsp;<\/p>\n<p>A <strong>amamenta\u00e7\u00e3o<\/strong> ser\u00e1 trabalhada em diferentes momentos, com orienta\u00e7\u00f5es pr\u00e1ticas e te\u00f3ricas, incluindo tamb\u00e9m cuidados com a higiene do beb\u00ea, conduzidos por uma enfermeira.<\/p>\n<p>&nbsp;<\/p>\n<p>A <strong>sa\u00fade bucal<\/strong> da gestante e do beb\u00ea ser\u00e1 abordada por uma dentista, destacando a import\u00e2ncia dos cuidados desde o in\u00edcio da vida.<\/p>\n<p>&nbsp;<\/p>\n<p>Contaremos ainda com a participa\u00e7\u00e3o de uma <strong>fisioterapeuta<\/strong>, que ir\u00e1 orientar sobre as mudan\u00e7as do corpo durante a gravidez e a prepara\u00e7\u00e3o f\u00edsica para o parto, trazendo t\u00e9cnicas que auxiliam no bem-estar da gestante.<\/p>\n<p>&nbsp;<\/p>\n<p>A <strong>alimenta\u00e7\u00e3o da m\u00e3e e do beb\u00ea<\/strong> ser\u00e1 tema de uma nutricionista, que compartilhar\u00e1 dicas e orienta\u00e7\u00f5es para uma nutri\u00e7\u00e3o equilibrada e saud\u00e1vel.<\/p>\n<p>&nbsp;<\/p>\n<p>Al\u00e9m disso, o curso incluir\u00e1 uma oficina de <strong>artesanato<\/strong>, voltada \u00e0 confec\u00e7\u00e3o de produtos para o beb\u00ea, promovendo momentos de criatividade, relaxamento e fortalecimento do v\u00ednculo materno.<\/p>\n<p>&nbsp;<\/p>\n<p><strong>Este curso \u00e9 uma oportunidade \u00fanica para adquirir conhecimento, trocar experi\u00eancias e se preparar com seguran\u00e7a e tranquilidade para a chegada do beb\u00ea.<\/strong><\/p>\n<p>&nbsp;<\/p>\n<p>&#x1f4c5; <strong>Programa\u00e7\u00e3o dos Encontros<\/strong><\/p>\n<p><strong>ENCONTRO 1<\/strong><br \/>\n\u2022\u2060 \u2060Gesta\u00e7\u00e3o e parto \/ Amamenta\u00e7\u00e3o (Medicina)<br \/>\n\u2022\u2060 \u2060Planejamento familiar (Medicina)<\/p>\n<p><strong>ENCONTRO 2<\/strong><br \/>\n\u2022\u2060 \u2060Sa\u00fade bucal (Odontologia)<br \/>\n\u2022\u2060 \u2060Artesanato<\/p>\n<p><strong>ENCONTRO 3<\/strong><br \/>\n\u2022\u2060 \u2060A gravidez \/ Prepara\u00e7\u00e3o para o parto (Fisioterapia)<\/p>\n<p><strong>ENCONTRO 4<\/strong><br \/>\n\u2022\u2060 \u2060Alimenta\u00e7\u00e3o da mam\u00e3e e do beb\u00ea (Nutri\u00e7\u00e3o)<br \/>\n\u2022\u2060 \u2060Artesanato<\/p>\n<p><strong>ENCONTRO 5<\/strong><br \/>\n\u2022\u2060 \u2060Amamenta\u00e7\u00e3o e higiene do beb\u00ea (Enfermagem)<br \/>\n\u2022\u2060 \u2060Artesanato[\/vc_column_text][\/vc_column][vc_column width=&#8221;1\/2&#8243; css=&#8221;.vc_custom_1513738945681{padding-right: 15px !important;padding-left: 15px !important;}&#8221;][vc_single_image image=&#8221;2592&#8243; img_size=&#8221;full&#8221;][vc_empty_space][vc_custom_heading text=&#8221;CURSO DE CUIDADORES &#8211; Curso gratuito e on-line&#8221; font_container=&#8221;tag:h3|font_size:20px|text_align:center|color:%23171717|line_height:30px&#8221; google_fonts=&#8221;font_family:Montserrat%3Aregular%2C700|font_style:400%20regular%3A400%3Anormal&#8221; el_class=&#8221;weight_500&#8243; css=&#8221;.vc_custom_1777046402808{margin-top: 0px !important;margin-bottom: 21px !important;}&#8221;]        <div class=\" wpb_animate_when_almost_visible wpb_fadeInUp fadeInUp\">\n\t\t\t<div style=\"border-radius: 25px;     background-size: 200% auto; background-image: linear-gradient(to right,#43cda2 0%,#185a9d 51%,#43cda2 100%) !important; margin:0 auto; width: 320px  ; height: 45px ; line-height: 45px ; text-align: center; color: #ffffff; font-size: 14px; font-weight: 500;display: block; cursor: pointer;\" class=\" button_kloud hvr-float-shadow\" onclick=\"window.location.href='https:\/\/forms.gle\/WLWCrp3fCyd7ZQkm7'\" >\n                INSCREVA-SE AQUI            <\/div> \n        <\/div>       \n\t\t[vc_empty_space][vc_custom_heading text=&#8221;Uma Turma por Semestre&#8221; font_container=&#8221;tag:h1|font_size:20px|text_align:center|color:%23171717|line_height:30px&#8221; google_fonts=&#8221;font_family:Montserrat%3Aregular%2C700|font_style:400%20regular%3A400%3Anormal&#8221; el_class=&#8221;weight_500&#8243; css=&#8221;.vc_custom_1700233379898{margin-top: 0px !important;margin-bottom: 21px !important;}&#8221;][vc_column_text]O curso de aprimoramento para cuidadores tem como objetivo trazer uma\u00a0\u00a0programa\u00e7\u00e3o especial para quem cuida de quem,\u00a0 promovendo qualidade de vida para familiares e cuidadores do idoso.<\/p>\n<p>&nbsp;<\/p>\n<p><strong>P\u00fablico Alvo:<\/strong> cuidadores de familiares, cuidadores profissionais e pessoas interessadas no tema.<\/p>\n<p>&nbsp;<\/p>\n<p><strong>M\u00f3dulos: <\/strong><span class=\"a_GcMg font-feature-liga-off font-feature-clig-off font-feature-calt-off text-decoration-none text-strikethrough-none\">Desenvolvimento Humano \/ Fisioterapia \/<\/span><span class=\"a_GcMg font-feature-liga-off font-feature-clig-off font-feature-calt-off text-decoration-none text-strikethrough-none\">Direito \/ Nutri\u00e7\u00e3o \/ Biomedicina \/ <\/span><span class=\"a_GcMg font-feature-liga-off font-feature-clig-off font-feature-calt-off text-decoration-none text-strikethrough-none\">Gastroniomia\/ Enfermagem \/<\/span><span class=\"a_GcMg font-feature-liga-off font-feature-clig-off font-feature-calt-off text-decoration-none text-strikethrough-none\">Psicologia \/ Medicina<\/span><\/p>\n<p>&nbsp;<\/p>\n<p>&nbsp;[\/vc_column_text][vc_empty_space][vc_empty_space][\/vc_column][\/vc_row][vc_row css=&#8221;.vc_custom_1513739257182{padding-top: 100px !important;padding-bottom: 95px !important;}&#8221;][vc_column width=&#8221;1\/2&#8243; css=&#8221;.vc_custom_1513738934109{padding-right: 15px !important;padding-left: 15px !important;}&#8221;][vc_single_image image=&#8221;2593&#8243; img_size=&#8221;full&#8221;][vc_empty_space][vc_custom_heading text=&#8221;NOSSAS OFICINAS&#8221; font_container=&#8221;tag:h3|font_size:20px|text_align:center|color:%23171717|line_height:30px&#8221; google_fonts=&#8221;font_family:Montserrat%3Aregular%2C700|font_style:400%20regular%3A400%3Anormal&#8221; el_class=&#8221;weight_500&#8243; css=&#8221;.vc_custom_1607129004631{margin-top: 0px !important;margin-bottom: 21px !important;}&#8221;][vc_column_text]<strong>OFICINA DE COSTURA, TRIC\u00d4 E CROCH\u00ca<\/strong><\/p>\n<p>Confec\u00e7\u00e3o de casaquinhos e mantas para compor o kit enxoval do beb\u00ea das alunas gestantes do curso; produ\u00e7\u00e3o de pe\u00e7as para o bazar interno.<\/p>\n<p>&nbsp;<\/p>\n<p><strong>Ter\u00e7as e quintas, 14h30 \u00e0s 17h<\/strong><\/p>\n<p>&nbsp;<\/p>\n<p><strong>OFICINA DE ARTESANATO<\/strong><\/p>\n<p>&nbsp;<\/p>\n<p>Oficina de pintura e decoupagem em madeira com o objetivo de produzir itens diversos para o bazar do IEE.<\/p>\n<p>&nbsp;<\/p>\n<p><strong>Ter\u00e7as e quintas, 14h30 \u00e0s 17h.<\/strong><\/p>\n<p>&nbsp;[\/vc_column_text][\/vc_column][vc_column width=&#8221;1\/2&#8243; css=&#8221;.vc_custom_1513738945681{padding-right: 15px !important;padding-left: 15px !important;}&#8221;][vc_single_image image=&#8221;2594&#8243; img_size=&#8221;full&#8221;][vc_empty_space][vc_custom_heading text=&#8221;BRECH\u00d3&#8221; font_container=&#8221;tag:h3|font_size:20px|text_align:center|color:%23171717|line_height:30px&#8221; google_fonts=&#8221;font_family:Montserrat%3Aregular%2C700|font_style:400%20regular%3A400%3Anormal&#8221; el_class=&#8221;weight_500&#8243; css=&#8221;.vc_custom_1607129426809{margin-top: 0px !important;margin-bottom: 21px !important;}&#8221;][vc_column_text]Temos ainda um brech\u00f3 no t\u00e9rreo da institui\u00e7\u00e3o, alimentado pelo grande n\u00famero de doa\u00e7\u00f5es que recebemos.<\/p>\n<p>&nbsp;<\/p>\n<p>Todas as doa\u00e7\u00f5es recebidas passam por um rigoroso processo de triagem e a partir da\u00ed s\u00e3o direcionadas ao nosso brech\u00f3 ou \u00e0s institui\u00e7\u00f5es apoiadas.[\/vc_column_text][\/vc_column][\/vc_row][vc_row jws_parallax=&#8221;1&#8243; css=&#8221;.vc_custom_1602640632372{padding-top: 95px !important;padding-bottom: 100px !important;background-image: url(https:\/\/ieesp.org.br\/site\/wp-content\/uploads\/2020\/09\/slider1.jpg?id=1944) !important;}&#8221;][vc_column][vc_custom_heading text=&#8221;QUE TAL SER VOLUNT\u00c1RIO DO IEE?&#8221; font_container=&#8221;tag:h4|font_size:30px|text_align:center|color:%23ffffff&#8221; google_fonts=&#8221;font_family:Montserrat%3Aregular%2C700|font_style:400%20regular%3A400%3Anormal&#8221; css_animation=&#8221;fadeInUp&#8221; css=&#8221;.vc_custom_1604364900726{margin-bottom: 21px !important;}&#8221;][vc_custom_heading text=&#8221;Sua ajuda \u00e9 muito importante!&#8221; font_container=&#8221;tag:p|font_size:16px|text_align:center|color:%23a9a9a9|line_height:30px&#8221; google_fonts=&#8221;font_family:Montserrat%3Aregular%2C700|font_style:400%20regular%3A400%3Anormal&#8221; css_animation=&#8221;fadeInUp&#8221; css=&#8221;.vc_custom_1604364999057{margin-bottom: 32px !important;}&#8221;]        <div class=\" wpb_animate_when_almost_visible wpb_fadeInUp fadeInUp\">\n\t\t\t<div style=\"border-radius: 25px;     background-size: 200% auto; background-image: linear-gradient(to right,#43cda2 0%,#185a9d 51%,#43cda2 100%) !important; margin:0 auto; width: 270px  ; height: 45px ; line-height: 45px ; text-align: center; color: #ffffff; font-size: 14px; font-weight: 500;display: block; cursor: pointer;\" class=\" button_kloud hvr-float-shadow\" onclick=\"window.location.href='https:\/\/ieesp.org.br\/site\/voluntariado'\" >\n                INSCREVA-SE            <\/div> \n        <\/div>       \n\t\t[\/vc_column][\/vc_row][vc_row][vc_column][\/vc_column][\/vc_row]<\/p>\n","protected":false},"excerpt":{"rendered":"<p>[vc_row jws_parallax=&#8221;1&#8243;][vc_column][vc_custom_heading text=&#8221;NOSSOS CURSOS&#8221; font_container=&#8221;tag:h3|font_size:30px|text_align:center|color:%23171717|line_height:30px&#8221; google_fonts=&#8221;font_family:Montserrat%3Aregular%2C700|font_style:400%20regular%3A400%3Anormal&#8221; el_class=&#8221;weight_500&#8243; css=&#8221;.vc_custom_1604938841409{margin-top: 50px !important;margin-bottom: 21px !important;}&#8221;][vc_custom_heading text=&#8221;DISPONIBILIZADOS SEMPRE&#8221; font_container=&#8221;tag:h3|font_size:20px|text_align:center|color:%23171717|line_height:30px&#8221; google_fonts=&#8221;font_family:Montserrat%3Aregular%2C700|font_style:400%20regular%3A400%3Anormal&#8221; el_class=&#8221;weight_500&#8243; css=&#8221;.vc_custom_1607128219391{margin-top: 0px !important;margin-bottom: 21px !important;}&#8221;][vc_empty_space][vc_custom_heading text=&#8221;Cursos da \u00c1rea Filantr\u00f3pica&#8221; font_container=&#8221;tag:h3|font_size:30px|text_align:center|color:%23171717|line_height:30px&#8221; google_fonts=&#8221;font_family:Montserrat%3Aregular%2C700|font_style:400%20regular%3A400%3Anormal&#8221; el_class=&#8221;weight_500&#8243; css=&#8221;.vc_custom_1607128246714{margin-top: 0px !important;margin-bottom: 30px !important;}&#8221;][vc_column_text] A \u00e1rea filantr\u00f3pica dentro do Instituto Esp\u00edrita de Educa\u00e7\u00e3o promove uma aproxima\u00e7\u00e3o de todas as pessoas que a procuram, com a [&hellip;]<\/p>\n","protected":false},"author":1,"featured_media":0,"parent":0,"menu_order":0,"comment_status":"closed","ping_status":"closed","template":"","meta":{"footnotes":""},"class_list":["post-2587","page","type-page","status-publish","hentry"],"_links":{"self":[{"href":"https:\/\/ieesp.org.br\/site\/wp-json\/wp\/v2\/pages\/2587","targetHints":{"allow":["GET"]}}],"collection":[{"href":"https:\/\/ieesp.org.br\/site\/wp-json\/wp\/v2\/pages"}],"about":[{"href":"https:\/\/ieesp.org.br\/site\/wp-json\/wp\/v2\/types\/page"}],"author":[{"embeddable":true,"href":"https:\/\/ieesp.org.br\/site\/wp-json\/wp\/v2\/users\/1"}],"replies":[{"embeddable":true,"href":"https:\/\/ieesp.org.br\/site\/wp-json\/wp\/v2\/comments?post=2587"}],"version-history":[{"count":103,"href":"https:\/\/ieesp.org.br\/site\/wp-json\/wp\/v2\/pages\/2587\/revisions"}],"predecessor-version":[{"id":4953,"href":"https:\/\/ieesp.org.br\/site\/wp-json\/wp\/v2\/pages\/2587\/revisions\/4953"}],"wp:attachment":[{"href":"https:\/\/ieesp.org.br\/site\/wp-json\/wp\/v2\/media?parent=2587"}],"curies":[{"name":"wp","href":"https:\/\/api.w.org\/{rel}","templated":true}]}}