{"id":2599,"date":"2020-12-04T22:08:33","date_gmt":"2020-12-05T01:08:33","guid":{"rendered":"https:\/\/ieesp.org.br\/site\/?page_id=2599"},"modified":"2022-02-16T19:46:04","modified_gmt":"2022-02-16T22:46:04","slug":"atividades","status":"publish","type":"page","link":"https:\/\/ieesp.org.br\/site\/atividades\/","title":{"rendered":"ATIVIDADES DA CASA"},"content":{"rendered":"<p>[vc_row jws_parallax=&#8221;1&#8243;][vc_column]        <h3 style=\"text-align:center;font-size:; font-weight:  ; color: #67b5bb ;  \" class=\" headding_two \">ATIVIDADES            <span style=\"color: #000000 ; font-size:; font-weight:  \">DO IEE<\/span>\n        <\/h3> \n\t\t[vc_empty_space height=&#8221;20px&#8221;][vc_custom_heading text=&#8221;ATENDIMENTO FRATERNO&#8221; font_container=&#8221;tag:h4|font_size:20px|text_align:center|color:%23171717|line_height:30px&#8221; google_fonts=&#8221;font_family:Montserrat%3Aregular%2C700|font_style:400%20regular%3A400%3Anormal&#8221; css_animation=&#8221;none&#8221; el_class=&#8221;weight_500&#8243; css=&#8221;.vc_custom_1607473422208{margin-bottom: 22px !important;}&#8221;][vc_column_text]<\/p>\n<p style=\"text-align: left;\">O Atendimento Fraterno presta-se a receber todos que buscam na Doutrina Esp\u00edrita o abrigo para as suas quest\u00f5es existenciais.<\/p>\n<p>&nbsp;<\/p>\n<p>Para Atendimento Fraterno presencial no IEE agende direto na recep\u00e7\u00e3o. Dispon\u00edvel nas\u00a0\u00a02as e 5as \u00e0s 19h30 e 4as das 11h30 \u00e0s 12h30.<\/p>\n<p>&nbsp;<\/p>\n<p>Temos, tamb\u00e9m, um Atendimento Fraterno on-line. Voc\u00ea pode agendar aqui pelo nosso site. Clique no bot\u00e3o abaixo e agende.\u00a0Dispon\u00edvel nas\u00a0\u00a02as, 5as e s\u00e1bados entre 9h e 10h.<\/p>\n<p>&nbsp;[\/vc_column_text][vc_empty_space height=&#8221;20px&#8221;]        <div class=\" wpb_animate_when_almost_visible wpb_fadeInUp fadeInUp\">\n\t\t\t<div style=\"border-radius: 25px;     background-size: 200% auto; background-image: linear-gradient(to right,#67b5bb 0%,#1a629d 51%,#67b5bb 100%) !important; margin:0 auto; width: 270px  ; height: 45px ; line-height: 45px ; text-align: center; color: #ffffff; font-size: 14px; font-weight: 500;display: block; cursor: pointer;\" class=\" button_kloud hvr-float-shadow\" onclick=\"window.location.href='https:\/\/www.agendaai.com.br\/page\/ieespaf'\" >\n                AGENDE AQUI            <\/div> \n        <\/div>       \n\t\t[vc_empty_space height=&#8221;40px&#8221;][\/vc_column][\/vc_row][vc_row jws_parallax=&#8221;1&#8243;][vc_column][vc_empty_space height=&#8221;20px&#8221;][vc_custom_heading text=&#8221;CURSOS&#8221; font_container=&#8221;tag:h1|font_size:25px|text_align:center|color:%23171717|line_height:30px&#8221; google_fonts=&#8221;font_family:Montserrat%3Aregular%2C700|font_style:400%20regular%3A400%3Anormal&#8221; css_animation=&#8221;fadeInUp&#8221; el_class=&#8221;weight_500&#8243; css=&#8221;.vc_custom_1607471844604{margin-bottom: 22px !important;}&#8221;][vc_custom_heading text=&#8221;\u00c1REA DOUTRIN\u00c1RIA&#8221; font_container=&#8221;tag:h4|font_size:20px|text_align:center|color:%23171717|line_height:30px&#8221; google_fonts=&#8221;font_family:Montserrat%3Aregular%2C700|font_style:400%20regular%3A400%3Anormal&#8221; css_animation=&#8221;none&#8221; el_class=&#8221;weight_500&#8243; css=&#8221;.vc_custom_1607473437717{margin-bottom: 22px !important;}&#8221;][vc_column_text]<\/p>\n<p style=\"text-align: center;\"><strong>3a.feira<\/strong><\/p>\n<p style=\"text-align: center;\">18:40 h &#8211; O Livro dos Esp\u00edritos<\/p>\n<p>&nbsp;<\/p>\n<p style=\"text-align: center;\"><strong>4a.feira<\/strong><\/p>\n<p style=\"text-align: center;\">15:00 h e 20:00 h &#8211; B\u00e1sico de Espiritismo I e II<\/p>\n<p style=\"text-align: center;\">15:00 h e 20:00 h &#8211; Educa\u00e7\u00e3o Medi\u00fanica I e II<\/p>\n<p style=\"text-align: center;\">18:40 h &#8211; Obras de Joanna de \u00c2ngelis<\/p>\n<p>&nbsp;<\/p>\n<p style=\"text-align: center;\">\u00a0\u00a0 <strong>5a.feira<\/strong><\/p>\n<p style=\"text-align: center;\">18:30 h &#8211; Evangelho Segundo o Espiritismo<\/p>\n<p style=\"text-align: center;\">20:00 h &#8211; B\u00e1sico de Espiritismo I e II<\/p>\n<p style=\"text-align: center;\">20:00 h &#8211; Educa\u00e7\u00e3o Medi\u00fanica I<\/p>\n<p>&nbsp;<\/p>\n<p style=\"text-align: center;\"><strong>S\u00e1bado<\/strong><\/p>\n<p style=\"text-align: center;\">10:00 h &#8211; Educa\u00e7\u00e3o Esp\u00edrita para Inf\u00e2ncia<\/p>\n<p>[\/vc_column_text][vc_empty_space height=&#8221;40px&#8221;][vc_custom_heading text=&#8221;\u00c1REA EDUCACIONAL&#8221; font_container=&#8221;tag:h4|font_size:20px|text_align:center|color:%23171717|line_height:30px&#8221; google_fonts=&#8221;font_family:Montserrat%3Aregular%2C700|font_style:400%20regular%3A400%3Anormal&#8221; css_animation=&#8221;none&#8221; el_class=&#8221;weight_500&#8243; css=&#8221;.vc_custom_1607473451952{margin-bottom: 22px !important;}&#8221;][vc_column_text]<\/p>\n<p style=\"text-align: center;\"><strong>2a.feira<\/strong><\/p>\n<p style=\"text-align: center;\">16:00 h &#8211; Ingl\u00eas B\u00e1sico &#8211; Terceira Idade<\/p>\n<p style=\"text-align: center;\">17:30 h &#8211; Ingl\u00eas B\u00e1sico &#8211; 11 a 15 anos<\/p>\n<p style=\"text-align: center;\">18:45 h &#8211; Ingl\u00eas (B\u00e1sico I\/ II, Intermedi\u00e1rio e Avan\u00e7ado)<\/p>\n<p>&nbsp;<\/p>\n<p style=\"text-align: center;\"><strong>3a.feira<\/strong><\/p>\n<p style=\"text-align: center;\">19:30 h &#8211; Espanhol (B\u00e1sico I \/II e Intermedi\u00e1rio)<\/p>\n<p>&nbsp;<\/p>\n<p style=\"text-align: center;\"><strong>3a, 4a e 5a.feira<\/strong><\/p>\n<p style=\"text-align: center;\">14:30 h &#8211; Alfabetiza\u00e7\u00e3o para adultos &#8211; Oficina de leitura e escrita<\/p>\n<p>&nbsp;<\/p>\n<p style=\"text-align: center;\"><strong>5a.feira<\/strong><\/p>\n<p style=\"text-align: center;\">18:00 h &#8211; Inform\u00e1tica &#8211; Internet<\/p>\n<p style=\"text-align: center;\">19:30 h &#8211; Inform\u00e1tica b\u00e1sico II<\/p>\n<p>&nbsp;<\/p>\n<p style=\"text-align: center;\"><strong>S\u00e1bado<\/strong><\/p>\n<p style=\"text-align: center;\">10:00 h &#8211; Inform\u00e1tica b\u00e1sico I<\/p>\n<p>[\/vc_column_text][vc_empty_space height=&#8221;100px&#8221;][\/vc_column][\/vc_row][vc_row jws_parallax=&#8221;1&#8243; css=&#8221;.vc_custom_1604376421350{background-image: url(https:\/\/ieesp.org.br\/site\/wp-content\/uploads\/2020\/09\/brax.jpg?id=1942) !important;}&#8221;][vc_column][vc_empty_space height=&#8221;80px&#8221;][vc_custom_heading text=&#8221;QUE TAL SER UM ASSOCIADO DO IEE?&#8221; font_container=&#8221;tag:h4|font_size:30px|text_align:center|color:%23ffffff|line_height:30px&#8221; google_fonts=&#8221;font_family:Montserrat%3Aregular%2C700|font_style:400%20regular%3A400%3Anormal&#8221; css_animation=&#8221;fadeInUp&#8221; css=&#8221;.vc_custom_1604376644828{margin-bottom: 22px !important;}&#8221;][vc_custom_heading text=&#8221;Sua ajuda \u00e9 muito importante!&#8221; font_container=&#8221;tag:p|font_size:16px|text_align:center|color:%23a9a9a9|line_height:30px&#8221; google_fonts=&#8221;font_family:Montserrat%3Aregular%2C700|font_style:400%20regular%3A400%3Anormal&#8221; css_animation=&#8221;fadeInUp&#8221; css=&#8221;.vc_custom_1604376763905{margin-bottom: 22px !important;}&#8221;]        <div class=\" wpb_animate_when_almost_visible wpb_fadeInUp fadeInUp\">\n\t\t\t<div style=\"border-radius: 25px;     background-size: 200% auto; background-image: linear-gradient(to right,#67b5bb 0%,#1a629d 51%,#67b5bb 100%) !important; margin:0 auto; width: 270px  ; height: 45px ; line-height: 45px ; text-align: center; color: #ffffff; font-size: 14px; font-weight: 500;display: block; cursor: pointer;\" class=\" button_kloud hvr-float-shadow\" onclick=\"window.location.href='https:\/\/ieesp.org.br\/site\/associado\/'\" >\n                INSCREVA-SE            <\/div> \n        <\/div>       \n\t\t[vc_empty_space height=&#8221;100px&#8221;][\/vc_column][\/vc_row]<\/p>\n","protected":false},"excerpt":{"rendered":"<p>[vc_row jws_parallax=&#8221;1&#8243;][vc_column][vc_empty_space height=&#8221;20px&#8221;][vc_custom_heading text=&#8221;ATENDIMENTO FRATERNO&#8221; font_container=&#8221;tag:h4|font_size:20px|text_align:center|color:%23171717|line_height:30px&#8221; google_fonts=&#8221;font_family:Montserrat%3Aregular%2C700|font_style:400%20regular%3A400%3Anormal&#8221; css_animation=&#8221;none&#8221; el_class=&#8221;weight_500&#8243; css=&#8221;.vc_custom_1607473422208{margin-bottom: 22px !important;}&#8221;][vc_column_text] O Atendimento Fraterno presta-se a receber todos que buscam na Doutrina Esp\u00edrita o abrigo para as suas quest\u00f5es existenciais. &nbsp; Para Atendimento Fraterno presencial no IEE agende direto na recep\u00e7\u00e3o. Dispon\u00edvel nas\u00a0\u00a02as e 5as \u00e0s 19h30 e 4as das 11h30 \u00e0s 12h30. &nbsp; [&hellip;]<\/p>\n","protected":false},"author":1,"featured_media":0,"parent":0,"menu_order":0,"comment_status":"closed","ping_status":"closed","template":"","meta":{"footnotes":""},"class_list":["post-2599","page","type-page","status-publish","hentry"],"_links":{"self":[{"href":"https:\/\/ieesp.org.br\/site\/wp-json\/wp\/v2\/pages\/2599","targetHints":{"allow":["GET"]}}],"collection":[{"href":"https:\/\/ieesp.org.br\/site\/wp-json\/wp\/v2\/pages"}],"about":[{"href":"https:\/\/ieesp.org.br\/site\/wp-json\/wp\/v2\/types\/page"}],"author":[{"embeddable":true,"href":"https:\/\/ieesp.org.br\/site\/wp-json\/wp\/v2\/users\/1"}],"replies":[{"embeddable":true,"href":"https:\/\/ieesp.org.br\/site\/wp-json\/wp\/v2\/comments?post=2599"}],"version-history":[{"count":9,"href":"https:\/\/ieesp.org.br\/site\/wp-json\/wp\/v2\/pages\/2599\/revisions"}],"predecessor-version":[{"id":3398,"href":"https:\/\/ieesp.org.br\/site\/wp-json\/wp\/v2\/pages\/2599\/revisions\/3398"}],"wp:attachment":[{"href":"https:\/\/ieesp.org.br\/site\/wp-json\/wp\/v2\/media?parent=2599"}],"curies":[{"name":"wp","href":"https:\/\/api.w.org\/{rel}","templated":true}]}}