{"id":3654,"date":"2022-09-15T22:47:37","date_gmt":"2022-09-16T01:47:37","guid":{"rendered":"https:\/\/ieesp.org.br\/site\/?page_id=3654"},"modified":"2025-03-11T15:43:29","modified_gmt":"2025-03-11T18:43:29","slug":"canteriores","status":"publish","type":"page","link":"https:\/\/ieesp.org.br\/site\/canteriores\/","title":{"rendered":"CAMPANHAS ANTERIORES"},"content":{"rendered":"<p>[vc_row][vc_column][vc_column_text]<\/p>\n<h3 style=\"text-align: center;\">CAMPANHAS ANTERIORES<\/h3>\n<p>[\/vc_column_text][\/vc_column][\/vc_row][vc_row css=&#8221;.vc_custom_1613664648786{padding-top: 100px !important;padding-bottom: 70px !important;background-color: #f9f9f9 !important;}&#8221;][vc_column offset=&#8221;vc_col-lg-6 vc_col-md-6&#8243;]        <h3 style=\"text-align:center;font-size:30; font-weight: 500 ; color: #67b5bb ;  \" class=\" headding_two text-ct-mb\">CAMPANHA            <span style=\"color: #000000 ; font-size:30; font-weight: 500 \">NATAL 2024<\/span>\n        <\/h3> \n\t\t[vc_single_image image=&#8221;4630&#8243; img_size=&#8221;500X500&#8243; alignment=&#8221;center&#8221;][\/vc_column][vc_column offset=&#8221;vc_col-lg-6 vc_col-md-6&#8243;]        <h3 style=\"text-align:center;font-size:30; font-weight: 500 ; color: #67b5bb ;  \" class=\" headding_two text-ct-mb\">CAMPANHA            <span style=\"color: #000000 ; font-size:30; font-weight: 500 \">NATAL 2024<\/span>\n        <\/h3> \n\t\t[vc_single_image image=&#8221;4631&#8243; img_size=&#8221;500X500&#8243;][\/vc_column][\/vc_row][vc_row css=&#8221;.vc_custom_1613664648786{padding-top: 100px !important;padding-bottom: 70px !important;background-color: #f9f9f9 !important;}&#8221;][vc_column offset=&#8221;vc_col-lg-6 vc_col-md-6&#8243;]        <h3 style=\"text-align:center;font-size:30; font-weight: 500 ; color: #67b5bb ;  \" class=\" headding_two text-ct-mb\">CAMPANHA            <span style=\"color: #000000 ; font-size:30; font-weight: 500 \">DIA DAS CRIAN\u00c7AS<\/span>\n        <\/h3> \n\t\t[vc_column_text]<\/p>\n<p style=\"text-align: center;\">Campanha do Dia das Crian\u00e7as\/ outubro de 2024<\/p>\n<p style=\"text-align: center;\"><a href=\"https:\/\/ieesp.org.br\/site\/wp-content\/uploads\/2024\/10\/video_criancas2024-1.mp4\">Clique aqui<\/a> e veja o v\u00eddeo com as entregas da campanha<\/p>\n<p>[\/vc_column_text][vc_single_image image=&#8221;4585&#8243; img_size=&#8221;500X500&#8243; alignment=&#8221;center&#8221;][\/vc_column][vc_column offset=&#8221;vc_col-lg-6 vc_col-md-6&#8243;][vc_empty_space][vc_empty_space][\/vc_column][\/vc_row][vc_row css=&#8221;.vc_custom_1613664648786{padding-top: 100px !important;padding-bottom: 70px !important;background-color: #f9f9f9 !important;}&#8221;][vc_column offset=&#8221;vc_col-lg-6 vc_col-md-6&#8243;][vc_single_image image=&#8221;3650&#8243; img_size=&#8221;full&#8221; alignment=&#8221;center&#8221;][\/vc_column][vc_column offset=&#8221;vc_col-lg-6 vc_col-md-6&#8243;][vc_empty_space]        <h3 style=\"text-align:left;font-size:30; font-weight: 500 ; color: #67b5bb ;  \" class=\" headding_two text-ct-mb\">CAMPANHA            <span style=\"color: #000000 ; font-size:30; font-weight: 500 \">DIA DAS CRIAN\u00c7AS<\/span>\n        <\/h3> \n\t\t[vc_empty_space][vc_column_text]Participe de nossa campanha do Dia das Crian\u00e7as.<\/p>\n<p>&nbsp;<\/p>\n<p>Os valores doados servir\u00e3o para a aquisi\u00e7\u00e3o de cestas b\u00e1sicas e livros infantis que ser\u00e3o destinados a fam\u00edlias com crian\u00e7as de at\u00e9 12 anos.<\/p>\n<p><strong>\u00a0<\/strong><\/p>\n<p>O valor de cada cesta \u00e9 R$ 130,00. Re\u00fana os familiares e amigos para compor esse valor, ou contribua na medida de suas possibilidades.<\/p>\n<p>&nbsp;<\/p>\n<p>Contamos com a ajuda de todos!<\/p>\n<p>&nbsp;<\/p>\n<p>Pix: 62.797.659\/0001-78<\/p>\n<p>Banco do Brasil: Ag: 6998-1\u00a0 &#8211;\u00a0 C\/C 9800-0[\/vc_column_text][\/vc_column][\/vc_row][vc_row css=&#8221;.vc_custom_1613664648786{padding-top: 100px !important;padding-bottom: 70px !important;background-color: #f9f9f9 !important;}&#8221;][vc_column offset=&#8221;vc_col-lg-6 vc_col-md-6&#8243;][vc_single_image image=&#8221;3380&#8243; img_size=&#8221;full&#8221;][\/vc_column][vc_column offset=&#8221;vc_col-lg-6 vc_col-md-6&#8243;][vc_empty_space]        <h3 style=\"text-align:left;font-size:30; font-weight: 500 ; color: #67b5bb ;  \" class=\" headding_two text-ct-mb\">CAMPANHA ENXOVAL            <span style=\"color: #000000 ; font-size:30; font-weight: 500 \">DE GESTANTES<\/span>\n        <\/h3> \n\t\t[vc_empty_space][vc_column_text]Campanha em prol das gestantes que fazem sua prepara\u00e7\u00e3o para a maternidade em nossa Casa.<\/p>\n<p>&nbsp;<\/p>\n<p style=\"text-align: left;\">Re\u00fana seus amigos e colabore com um kit completo. Se desejar poder\u00e1 arrecadar R$ 290,00 (pre\u00e7o do Kit) que a \u00e1rea de Filantropia do IEE se encarregar\u00e1 de adquirir o kit.<\/p>\n<p>&nbsp;<\/p>\n<p>&nbsp;<\/p>\n<p>CNPJ\/PIX: 62.797.659\/0001-78<\/p>\n<p>Banco do Brasil: Ag: 6998-1\u00a0 &#8211;\u00a0 C\/C 9800-0[\/vc_column_text][\/vc_column][\/vc_row][vc_row css=&#8221;.vc_custom_1525686772484{padding-top: 100px !important;padding-bottom: 70px !important;}&#8221;][vc_column offset=&#8221;vc_col-lg-6 vc_col-md-6&#8243;]        <h3 style=\"text-align:left;font-size:30; font-weight: 500 ; color: #67b5bb ;  \" class=\" headding_two text-ct-mb\">CAMPANHA NATAL            <span style=\"color: #000000 ; font-size:30; font-weight: 500 \">SOLID\u00c1RIO<\/span>\n        <\/h3> \n\t\t[vc_empty_space][vc_column_text css_animation=&#8221;fadeInUp&#8221; css=&#8221;.vc_custom_1640619960630{margin-bottom: 90px !important;}&#8221;]\u201cAgradecemos a todos os cora\u00e7\u00f5es solid\u00e1rios que nos ajudaram na campanha de Natal.<\/p>\n<p>&nbsp;<\/p>\n<p>Foram adquiridas 600 cestas com alimentos b\u00e1sicos e itens de Natal, que foram acompanhadas de calend\u00e1rio especial com frases crist\u00e3s e de incentivo e acolhimento, al\u00e9m do jornal do IEE.<\/p>\n<p>&nbsp;<\/p>\n<p>A distribui\u00e7\u00e3o agraciou 100 fam\u00edlias em cada uma das institui\u00e7\u00f5es apoiadas, conforme crit\u00e9rios definidos: fam\u00edlias desempregadas com crian\u00e7as e idosos sob sua responsabilidade, prioritariamente. Al\u00e9m disso, a campanha chegou a diferentes pontos da cidade: zona norte, zona leste, oeste e sul.<\/p>\n<p>&nbsp;<\/p>\n<p>Agradecemos aos colaboradores que adotaram fam\u00edlias. Cada fam\u00edlia corresponde a 5 ou 6 pessoas, totalizando cerca de 3000 pessoas que receberam alimento suficiente para 20 a 30 dias.<\/p>\n<p>&nbsp;<\/p>\n<p>Agradecemos, tamb\u00e9m, a quem compartilhou nossa campanha, o que foi fundamental para alcan\u00e7armos todos esses n\u00fameros.<\/p>\n<p>&nbsp;<\/p>\n<p>Estamos muito felizes com o exerc\u00edcio de acolhimento fraterno.\u201d[\/vc_column_text][\/vc_column][vc_column offset=&#8221;vc_col-lg-6 vc_col-md-6&#8243;][vc_empty_space][vc_single_image image=&#8221;3223&#8243; img_size=&#8221;full&#8221; alignment=&#8221;center&#8221; css_animation=&#8221;fadeInLeft&#8221; css=&#8221;.vc_custom_1635101528931{margin-bottom: 30px !important;}&#8221;][\/vc_column][\/vc_row][vc_row css=&#8221;.vc_custom_1613664648786{padding-top: 100px !important;padding-bottom: 70px !important;background-color: #f9f9f9 !important;}&#8221;][vc_column offset=&#8221;vc_col-lg-6 vc_col-md-6&#8243;][vc_single_image image=&#8221;3086&#8243; img_size=&#8221;full&#8221;][\/vc_column][vc_column offset=&#8221;vc_col-lg-6 vc_col-md-6&#8243;][vc_empty_space]        <h3 style=\"text-align:left;font-size:30; font-weight: 500 ; color: #67b5bb ;  \" class=\" headding_two text-ct-mb\">CAMPANHA            <span style=\"color: #000000 ; font-size:30; font-weight: 500 \">DIA DAS CRIAN\u00c7AS<\/span>\n        <\/h3> \n\t\t[vc_column_text]Colabore com a Campanha Dia das Crian\u00e7as do IEE com cestas contendo alimentos, livros e um brinquedo.<\/p>\n<p>&nbsp;<\/p>\n<p>O valor da cesta \u00e9 de R$ 100,00, mas voc\u00ea pode doar qualquer valor.<\/p>\n<p>&nbsp;<\/p>\n<p>Dados Banc\u00e1rios: CNPJ\/ PIX: 62.797.659\/1000-78<\/p>\n<p>Instituto Esp\u00edrita de Educa\u00e7\u00e3o<\/p>\n<p>Banco do Brasil \/ Ag 6998-1 \/ 9800-0[\/vc_column_text][vc_single_image image=&#8221;3092&#8243; img_size=&#8221;full&#8221;][\/vc_column][\/vc_row][vc_row css=&#8221;.vc_custom_1525686772484{padding-top: 100px !important;padding-bottom: 70px !important;}&#8221;][vc_column offset=&#8221;vc_col-lg-6 vc_col-md-6&#8243;][vc_empty_space][vc_empty_space]        <h3 style=\"text-align:left;font-size:30; font-weight: 500 ; color: #67b5bb ;  \" class=\" headding_two text-ct-mb\">CAMPANHA            <span style=\"color: #000000 ; font-size:30; font-weight: 500 \">IEE POR ELAS<\/span>\n        <\/h3> \n\t\t[vc_empty_space][vc_column_text css_animation=&#8221;fadeInUp&#8221; css=&#8221;.vc_custom_1631369120122{margin-bottom: 90px !important;}&#8221;]Participe da nossa campanha de doa\u00e7\u00e3o de absorventes para meninas e mulheres em situa\u00e7\u00e3o de vulnerabilidade social.<\/p>\n<p>&nbsp;<\/p>\n<p><strong>As doa\u00e7\u00f5es podem ser entregues na recep\u00e7\u00e3o do IEE.<\/strong>[\/vc_column_text][\/vc_column][vc_column offset=&#8221;vc_col-lg-6 vc_col-md-6&#8243;][vc_empty_space][vc_single_image image=&#8221;3072&#8243; img_size=&#8221;full&#8221; alignment=&#8221;center&#8221; css_animation=&#8221;fadeInLeft&#8221; css=&#8221;.vc_custom_1631368916993{margin-bottom: 30px !important;}&#8221;][\/vc_column][\/vc_row][vc_row css=&#8221;.vc_custom_1613664648786{padding-top: 100px !important;padding-bottom: 70px !important;background-color: #f9f9f9 !important;}&#8221;][vc_column offset=&#8221;vc_col-lg-6 vc_col-md-6&#8243;][vc_single_image image=&#8221;3069&#8243; img_size=&#8221;full&#8221;][\/vc_column][vc_column offset=&#8221;vc_col-lg-6 vc_col-md-6&#8243;][vc_empty_space]        <h3 style=\"text-align:left;font-size:30; font-weight: 500 ; color: #67b5bb ;  \" class=\" headding_two text-ct-mb\">CAMPANHA            <span style=\"color: #000000 ; font-size:30; font-weight: 500 \">IEE SOLID\u00c1RIO<\/span>\n        <\/h3> \n\t\t[vc_column_text]A Campanha IEE Solid\u00e1rio arrecadou recursos para 200 cestas b\u00e1sicas. Foram distribu\u00eddas em duas institui\u00e7\u00f5es, sendo 100 cestas para cada uma institui\u00e7\u00e3o, com o jornal do IEE.<\/p>\n<p>&nbsp;<\/p>\n<p><strong>Institui\u00e7\u00f5es Atendidas:<\/strong><\/p>\n<ul>\n<li>Associa\u00e7\u00e3o Heli\u00f3polis e regi\u00e3o<\/li>\n<li>ONG Associa\u00e7\u00e3o Pr\u00f3 Brasil.<\/li>\n<\/ul>\n<p>[\/vc_column_text][\/vc_column][\/vc_row][vc_row css=&#8221;.vc_custom_1525686772484{padding-top: 100px !important;padding-bottom: 70px !important;}&#8221;][vc_column offset=&#8221;vc_col-lg-6 vc_col-md-6&#8243;][vc_empty_space]        <h3 style=\"text-align:left;font-size:30; font-weight: 500 ; color: #67b5bb ;  \" class=\" headding_two text-ct-mb\">II ENCONTRO            <span style=\"color: #000000 ; font-size:30; font-weight: 500 \">VOLUNTARIADO IEE<\/span>\n        <\/h3> \n\t\t[vc_column_text css_animation=&#8221;fadeInUp&#8221; css=&#8221;.vc_custom_1627753323186{margin-bottom: 90px !important;}&#8221;]Vamos realizar o II Evento ONLINE para os volunt\u00e1rios do IEE.<\/p>\n<p>&nbsp;<\/p>\n<p><strong>P\u00fablico:<\/strong> aberto para aqueles que j\u00e1 est\u00e3o engajados no IEE e tamb\u00e9m super aberto a quem deseja se engajar neste trabalho.<\/p>\n<p>&nbsp;<\/p>\n<p><strong>Agenda: Dia 14\/08\/21<\/strong><\/p>\n<p>10:15hs abertura da sala pelo Zoom<br \/>\n10:30hs In\u00edcio do evento<\/p>\n<p>&nbsp;<\/p>\n<p><strong>Tema:<\/strong> O valor do trabalho volunt\u00e1rio, sua import\u00e2ncia, significado e reconhecimento, com Daiany Fran\u00e7a Saldanha.<\/p>\n<p>&nbsp;<\/p>\n<p>obs: fique atento a seu email ou whatsapp, onde voc\u00ea receber\u00e1 o link de para acessar o evento no s\u00e1bado. Por favor entre no evento com anteced\u00eancia, pois iniciaremos pontualmente \u00e0s 10:30hs.[\/vc_column_text]        <div class=\"\">\n\t\t\t<div style=\"border-radius: 25px;     background-size: 200% auto; background-image: linear-gradient(to right,#43cda2 0%,#185a9d 51%,#43cda2 100%) !important; margin:0 auto; width: 218px  ; height: 60px ; line-height: 60px ; text-align: center; color: #ffffff; font-size: 14px; font-weight: 500;display: block; cursor: pointer;\" class=\" button_kloud hvr-float-shadow\" onclick=\"window.location.href='https:\/\/forms.gle\/xRcQ7PJQDrQEVz9SA'\" >\n                INSCREVA-SE AQUI            <\/div> \n        <\/div>       \n\t\t[\/vc_column][vc_column offset=&#8221;vc_col-lg-6 vc_col-md-6&#8243;][vc_empty_space][vc_single_image image=&#8221;3017&#8243; img_size=&#8221;full&#8221; alignment=&#8221;center&#8221; css_animation=&#8221;fadeInLeft&#8221; css=&#8221;.vc_custom_1627751112690{margin-bottom: 30px !important;}&#8221;][\/vc_column][\/vc_row][vc_row css=&#8221;.vc_custom_1613664648786{padding-top: 100px !important;padding-bottom: 70px !important;background-color: #f9f9f9 !important;}&#8221;][vc_column offset=&#8221;vc_col-lg-6 vc_col-md-6&#8243;][vc_single_image image=&#8221;3007&#8243; img_size=&#8221;full&#8221;][\/vc_column][vc_column offset=&#8221;vc_col-lg-6 vc_col-md-6&#8243;]        <h3 style=\"text-align:left;font-size:30; font-weight: 500 ; color: #67b5bb ;  \" class=\" headding_two text-ct-mb\">CAMPANHA            <span style=\"color: #000000 ; font-size:30; font-weight: 500 \">SOLIDARIA - Jul\/21<\/span>\n        <\/h3> \n\t\t[vc_column_text]Participe da nossa Campanha e contribua com o valor que puder.[\/vc_column_text][vc_column_text]Cada Cesta B\u00e1sica custa R$70 e \u00e9 composta pelos itens:[\/vc_column_text][vc_single_image image=&#8221;3010&#8243; img_size=&#8221;full&#8221;][vc_column_text]<strong>Dados banc\u00e1rios para Doa\u00e7\u00e3o:<\/strong><\/p>\n<p>Instituto Esp\u00edrita de Educa\u00e7\u00e3o<\/p>\n<p>CNPJ\/PIX: 62.797.659\/0001-78<\/p>\n<p>Banco do Brasil: Ag: 6998-1 &#8211; C\/C 9800-0[\/vc_column_text][\/vc_column][\/vc_row][vc_row css=&#8221;.vc_custom_1525686772484{padding-top: 100px !important;padding-bottom: 70px !important;}&#8221;][vc_column offset=&#8221;vc_col-lg-6 vc_col-md-6&#8243;]        <h3 style=\"text-align:left;font-size:30; font-weight: 500 ; color: #67b5bb ;  \" class=\" headding_two text-ct-mb\">CAMPANHA            <span style=\"color: #000000 ; font-size:30; font-weight: 500 \">DE P\u00c1SCOA<\/span>\n        <\/h3> \n\t\t[vc_column_text css_animation=&#8221;fadeInUp&#8221; css=&#8221;.vc_custom_1618413776717{margin-bottom: 90px !important;}&#8221;]O IEE agradece a solidariedade de todos que contribu\u00edram para nossa <strong><u>Campanha de P\u00e1scoa<\/u><\/strong>.<\/p>\n<p>&nbsp;<\/p>\n<p>Arrecadamos recursos para a compra de 300 cestas b\u00e1sicas, que distribu\u00edmos\u00a0em seis institui\u00e7\u00f5es, beneficiando desta forma as fam\u00edlias mais carentes.<\/p>\n<p>&nbsp;<\/p>\n<p>Abaixo as\u00a0Institui\u00e7\u00f5es beneficiadas:<\/p>\n<p>LAR S\u00cdRIO<\/p>\n<p>RECICA<\/p>\n<p>INKER INSTITUTO KERALUX<\/p>\n<p>PROJETO ARRAST\u00c3O<\/p>\n<p>INSTITUTO PATR\u00cdCIA\u00a0MEDRADO<\/p>\n<p>INSTITUI\u00c7\u00c3O NOSSO LAR[\/vc_column_text][\/vc_column][vc_column offset=&#8221;vc_col-lg-6 vc_col-md-6&#8243;][vc_empty_space][vc_single_image image=&#8221;2788&#8243; img_size=&#8221;full&#8221; alignment=&#8221;center&#8221; css_animation=&#8221;fadeInLeft&#8221; css=&#8221;.vc_custom_1613663080497{margin-bottom: 30px !important;}&#8221;][\/vc_column][\/vc_row][vc_row css=&#8221;.vc_custom_1613664648786{padding-top: 100px !important;padding-bottom: 70px !important;background-color: #f9f9f9 !important;}&#8221;][vc_column offset=&#8221;vc_col-lg-6 vc_col-md-6&#8243;][vc_single_image image=&#8221;2074&#8243; img_size=&#8221;full&#8221;][\/vc_column][vc_column offset=&#8221;vc_col-lg-6 vc_col-md-6&#8243;]        <h3 style=\"text-align:left;font-size:30; font-weight: 500 ; color: #67b5bb ;  \" class=\" headding_two text-ct-mb\">CAMPANHA            <span style=\"color: #000000 ; font-size:30; font-weight: 500 \">DE NATAL<\/span>\n        <\/h3> \n\t\t[vc_column_text css_animation=&#8221;fadeInUp&#8221; css=&#8221;.vc_custom_1613664468774{margin-bottom: 90px !important;}&#8221;]Em fun\u00e7\u00e3o da pandemia, este ano n\u00e3o faremos as tradicionais sacolinhas de natal. e sim a campanha adote uma fam\u00edlia. Cada fam\u00edlia receber\u00e1 uma cesta de alimentos para o Natal.<\/p>\n<p>&nbsp;<\/p>\n<p>Este ano queremos acolher 1000 fam\u00edlias com cestas de alimentos!<\/p>\n<p>Participe! Sua doa\u00e7\u00e3o \u00e9 valiosa! Com R$ 135,00 voc\u00ea adota 1 fam\u00edlia.<\/p>\n<p>&nbsp;<\/p>\n<p><strong>Dados banc\u00e1rios para Doa\u00e7\u00e3o:<\/strong><\/p>\n<p>Instituto Esp\u00edrita de Educa\u00e7\u00e3o<br \/>\nCNPJ: 62.797.659\/0001-78<\/p>\n<p>Banco do Brasil: Ag: 6998-1 &#8211; C\/C 9800-0[\/vc_column_text][\/vc_column][\/vc_row][vc_row jws_parallax=&#8221;1&#8243; css=&#8221;.vc_custom_1604376421350{background-image: url(https:\/\/ieesp.org.br\/site\/wp-content\/uploads\/2020\/09\/brax.jpg?id=1942) !important;}&#8221;][vc_column][vc_empty_space height=&#8221;80px&#8221;][vc_custom_heading text=&#8221;QUE TAL SER UM ASSOCIADO DO IEE?&#8221; font_container=&#8221;tag:h4|font_size:30px|text_align:center|color:%23ffffff|line_height:30px&#8221; google_fonts=&#8221;font_family:Montserrat%3Aregular%2C700|font_style:400%20regular%3A400%3Anormal&#8221; css_animation=&#8221;fadeInUp&#8221; css=&#8221;.vc_custom_1604376644828{margin-bottom: 22px !important;}&#8221;][vc_custom_heading text=&#8221;Sua ajuda \u00e9 muito importante!&#8221; font_container=&#8221;tag:p|font_size:16px|text_align:center|color:%23a9a9a9|line_height:30px&#8221; google_fonts=&#8221;font_family:Montserrat%3Aregular%2C700|font_style:400%20regular%3A400%3Anormal&#8221; css_animation=&#8221;fadeInUp&#8221; css=&#8221;.vc_custom_1604376763905{margin-bottom: 22px !important;}&#8221;]        <div class=\" wpb_animate_when_almost_visible wpb_fadeInUp fadeInUp\">\n\t\t\t<div style=\"border-radius: 25px;     background-size: 200% auto; background-image: linear-gradient(to right,#67b5bb 0%,#1a629d 51%,#67b5bb 100%) !important; margin:0 auto; width: 270px  ; height: 45px ; line-height: 45px ; text-align: center; color: #ffffff; font-size: 14px; font-weight: 500;display: block; cursor: pointer;\" class=\" button_kloud hvr-float-shadow\" onclick=\"window.location.href='https:\/\/ieesp.org.br\/site\/associado\/'\" >\n                INSCREVA-SE            <\/div> \n        <\/div>       \n\t\t[vc_empty_space height=&#8221;100px&#8221;][\/vc_column][\/vc_row][vc_row][vc_column][vc_column_text]Eu sou um bloco de texto. Clique no bot\u00e3o Editar (L\u00e1pis) para alterar o conte\u00fado deste elemento.[\/vc_column_text][\/vc_column][\/vc_row]<\/p>\n","protected":false},"excerpt":{"rendered":"<p>[vc_row][vc_column][vc_column_text] CAMPANHAS ANTERIORES [\/vc_column_text][\/vc_column][\/vc_row][vc_row css=&#8221;.vc_custom_1613664648786{padding-top: 100px !important;padding-bottom: 70px !important;background-color: #f9f9f9 !important;}&#8221;][vc_column offset=&#8221;vc_col-lg-6 vc_col-md-6&#8243;][vc_single_image image=&#8221;4630&#8243; img_size=&#8221;500X500&#8243; alignment=&#8221;center&#8221;][\/vc_column][vc_column offset=&#8221;vc_col-lg-6 vc_col-md-6&#8243;][vc_single_image image=&#8221;4631&#8243; img_size=&#8221;500X500&#8243;][\/vc_column][\/vc_row][vc_row css=&#8221;.vc_custom_1613664648786{padding-top: 100px !important;padding-bottom: 70px !important;background-color: #f9f9f9 !important;}&#8221;][vc_column offset=&#8221;vc_col-lg-6 vc_col-md-6&#8243;][vc_column_text] Campanha do Dia das Crian\u00e7as\/ outubro de 2024 Clique aqui e veja o v\u00eddeo com as entregas da campanha [\/vc_column_text][vc_single_image image=&#8221;4585&#8243; img_size=&#8221;500X500&#8243; alignment=&#8221;center&#8221;][\/vc_column][vc_column offset=&#8221;vc_col-lg-6 vc_col-md-6&#8243;][vc_empty_space][vc_empty_space][\/vc_column][\/vc_row][vc_row css=&#8221;.vc_custom_1613664648786{padding-top: [&hellip;]<\/p>\n","protected":false},"author":1,"featured_media":0,"parent":0,"menu_order":0,"comment_status":"closed","ping_status":"closed","template":"","meta":{"footnotes":""},"class_list":["post-3654","page","type-page","status-publish","hentry"],"_links":{"self":[{"href":"https:\/\/ieesp.org.br\/site\/wp-json\/wp\/v2\/pages\/3654","targetHints":{"allow":["GET"]}}],"collection":[{"href":"https:\/\/ieesp.org.br\/site\/wp-json\/wp\/v2\/pages"}],"about":[{"href":"https:\/\/ieesp.org.br\/site\/wp-json\/wp\/v2\/types\/page"}],"author":[{"embeddable":true,"href":"https:\/\/ieesp.org.br\/site\/wp-json\/wp\/v2\/users\/1"}],"replies":[{"embeddable":true,"href":"https:\/\/ieesp.org.br\/site\/wp-json\/wp\/v2\/comments?post=3654"}],"version-history":[{"count":9,"href":"https:\/\/ieesp.org.br\/site\/wp-json\/wp\/v2\/pages\/3654\/revisions"}],"predecessor-version":[{"id":4683,"href":"https:\/\/ieesp.org.br\/site\/wp-json\/wp\/v2\/pages\/3654\/revisions\/4683"}],"wp:attachment":[{"href":"https:\/\/ieesp.org.br\/site\/wp-json\/wp\/v2\/media?parent=3654"}],"curies":[{"name":"wp","href":"https:\/\/api.w.org\/{rel}","templated":true}]}}